{"id":2572,"date":"2025-11-27T12:41:24","date_gmt":"2025-11-27T12:41:24","guid":{"rendered":"https:\/\/www.lafarques.be\/olivier-tucki\/"},"modified":"2026-03-12T00:23:48","modified_gmt":"2026-03-12T00:23:48","slug":"olivier-tucki","status":"publish","type":"page","link":"https:\/\/www.lafarques.be\/de\/restaurant\/olivier-tucki\/","title":{"rendered":"Olivier Tucki"},"content":{"rendered":"\t\t<div data-elementor-type=\"wp-page\" data-elementor-id=\"2572\" class=\"elementor elementor-2572 elementor-1457\" data-elementor-post-type=\"page\">\n\t\t\t\t<div class=\"elementor-element elementor-element-675971d e-con-full e-flex e-con e-parent\" data-id=\"675971d\" data-element_type=\"container\" data-e-type=\"container\" data-settings=\"{&quot;jet_parallax_layout_list&quot;:[]}\">\n\t\t<div class=\"elementor-element elementor-element-9ac77dc e-con-full e-flex e-con e-child\" data-id=\"9ac77dc\" data-element_type=\"container\" data-e-type=\"container\" data-settings=\"{&quot;background_background&quot;:&quot;classic&quot;,&quot;jet_parallax_layout_list&quot;:[]}\">\n\t\t\t\t<\/div>\n\t\t<div class=\"elementor-element elementor-element-7234db1 e-con-full e-flex e-con e-child\" data-id=\"7234db1\" data-element_type=\"container\" data-e-type=\"container\" data-settings=\"{&quot;jet_parallax_layout_list&quot;:[]}\">\n\t\t<div class=\"elementor-element elementor-element-cd57928 e-con-full e-flex e-con e-child\" data-id=\"cd57928\" data-element_type=\"container\" data-e-type=\"container\" data-settings=\"{&quot;jet_parallax_layout_list&quot;:[]}\">\n\t\t\t\t<div class=\"elementor-element elementor-element-b15ef91 elementor-widget elementor-widget-heading\" data-id=\"b15ef91\" data-element_type=\"widget\" data-e-type=\"widget\" data-widget_type=\"heading.default\">\n\t\t\t\t<div class=\"elementor-widget-container\">\n\t\t\t\t\t<h2 class=\"elementor-heading-title elementor-size-default\">K\u00fcchenchef Olivier Tucki<\/h2>\t\t\t\t<\/div>\n\t\t\t\t<\/div>\n\t\t\t\t<div class=\"elementor-element elementor-element-6e045fc elementor-widget elementor-widget-text-editor\" data-id=\"6e045fc\" data-element_type=\"widget\" data-e-type=\"widget\" data-widget_type=\"text-editor.default\">\n\t\t\t\t<div class=\"elementor-widget-container\">\n\t\t\t\t\t\t\t\t\t<p>Lafarques seinen einstigen Glanz zur\u00fcckzugeben, in einem entschieden zeitgen\u00f6ssischen Rahmen und mit einer kreativen, zeitgem\u00e4\u00dfen K\u00fcche: Das war die bewusste Entscheidung von K\u00fcchenchef Olivier Tucki, als er im Herbst 2017 die Leitung des renommierten gastronomischen Anwesens \u00fcbernahm.<\/p><p>Der Mensch steht im Mittelpunkt der Philosophie dieses burgundischen K\u00fcchenchefs, sei es bei der Begegnung mit regionalen Erzeugern, um neue lokale Produkte zu entdecken, oder beim Service am Tisch, um die Emotionen seiner G\u00e4ste zu teilen.<\/p><p>Begegnung mit einem leidenschaftlichen K\u00fcchenchef, der seine Ausbildung an der Hotelfachschule Paris absolvierte und mit den gr\u00f6\u00dften Sternek\u00f6chen zusammenarbeitete.<\/p>\t\t\t\t\t\t\t\t<\/div>\n\t\t\t\t<\/div>\n\t\t\t\t<\/div>\n\t\t\t\t<\/div>\n\t\t\t\t<\/div>\n\t\t<div class=\"elementor-element elementor-element-978d92b e-con-full e-flex e-con e-parent\" data-id=\"978d92b\" data-element_type=\"container\" data-e-type=\"container\" data-settings=\"{&quot;jet_parallax_layout_list&quot;:[]}\">\n\t\t<div class=\"elementor-element elementor-element-ff44192 e-con-full e-flex e-con e-child\" data-id=\"ff44192\" data-element_type=\"container\" data-e-type=\"container\" data-settings=\"{&quot;background_background&quot;:&quot;classic&quot;,&quot;jet_parallax_layout_list&quot;:[]}\">\n\t\t\t\t<\/div>\n\t\t<div class=\"elementor-element elementor-element-9411f3f e-con-full e-flex e-con e-child\" data-id=\"9411f3f\" data-element_type=\"container\" data-e-type=\"container\" data-settings=\"{&quot;jet_parallax_layout_list&quot;:[]}\">\n\t\t<div class=\"elementor-element elementor-element-21ca669 e-con-full e-flex e-con e-child\" data-id=\"21ca669\" data-element_type=\"container\" data-e-type=\"container\" data-settings=\"{&quot;jet_parallax_layout_list&quot;:[],&quot;background_background&quot;:&quot;classic&quot;}\">\n\t\t\t\t<div class=\"elementor-element elementor-element-c53c94e elementor-widget elementor-widget-heading\" data-id=\"c53c94e\" data-element_type=\"widget\" data-e-type=\"widget\" data-widget_type=\"heading.default\">\n\t\t\t\t<div class=\"elementor-widget-container\">\n\t\t\t\t\t<h2 class=\"elementor-heading-title elementor-size-default\">Olivier Tucki, der Gast steht im Mittelpunkt Ihrer Aufmerksamkeit, Sie teilen gerne\u2026<\/h2>\t\t\t\t<\/div>\n\t\t\t\t<\/div>\n\t\t\t\t<div class=\"elementor-element elementor-element-3c9dffb elementor-widget elementor-widget-text-editor\" data-id=\"3c9dffb\" data-element_type=\"widget\" data-e-type=\"widget\" data-widget_type=\"text-editor.default\">\n\t\t\t\t<div class=\"elementor-widget-container\">\n\t\t\t\t\t\t\t\t\t<p>Ja, und das beginnt schon beim pers\u00f6nlichen Empfang. Ganz im Sinne dieses pr\u00e4chtigen Traditionshauses, des sch\u00f6nen Erbes der Eheleute Lafarque. Als ich die Z\u00fcgel des Hauses \u00fcbernahm, wollte ich, dass es sowohl eine Renaissance als auch eine Erneuerung erf\u00e4hrt. Vor zwanzig Jahren war Lafarque ein Leuchtturm in der Region. Eine Referenz, die das prestigetr\u00e4chtige Label \u201eRelais &amp; Ch\u00e2teaux\u201c trug. Wenn man gut essen wollte, war dieser Ort die erste Wahl. Ich liebe den Charme dieses Hauses; es ist ein echtes, herzliches und komfortables Gasthaus. Ein Landhaus, das aber auch den gr\u00f6\u00dften Luxus bietet. Wenn Sie unser Haus betreten, empfangen wir Sie mit Freude und stets mit einem L\u00e4cheln. Die Zeit bleibt stehen, und wir sind da, um diese Auszeit mit Ihnen zu teilen, indem wir Ihnen den bestm\u00f6glichen Service bieten.          <\/p>\t\t\t\t\t\t\t\t<\/div>\n\t\t\t\t<\/div>\n\t\t\t\t<\/div>\n\t\t\t\t<\/div>\n\t\t\t\t<\/div>\n\t\t<div class=\"elementor-element elementor-element-9075076 e-con-full e-flex e-con e-parent\" data-id=\"9075076\" data-element_type=\"container\" data-e-type=\"container\" data-settings=\"{&quot;jet_parallax_layout_list&quot;:[]}\">\n\t\t<div class=\"elementor-element elementor-element-ba05304 e-con-full e-flex e-con e-child\" data-id=\"ba05304\" data-element_type=\"container\" data-e-type=\"container\" data-settings=\"{&quot;background_background&quot;:&quot;classic&quot;,&quot;jet_parallax_layout_list&quot;:[]}\">\n\t\t\t\t<\/div>\n\t\t<div class=\"elementor-element elementor-element-31f9183 e-con-full e-flex e-con e-child\" data-id=\"31f9183\" data-element_type=\"container\" data-e-type=\"container\" data-settings=\"{&quot;jet_parallax_layout_list&quot;:[]}\">\n\t\t<div class=\"elementor-element elementor-element-7736afe e-con-full e-flex e-con e-child\" data-id=\"7736afe\" data-element_type=\"container\" data-e-type=\"container\" data-settings=\"{&quot;jet_parallax_layout_list&quot;:[],&quot;background_background&quot;:&quot;classic&quot;}\">\n\t\t\t\t<div class=\"elementor-element elementor-element-ca4af52 elementor-widget elementor-widget-heading\" data-id=\"ca4af52\" data-element_type=\"widget\" data-e-type=\"widget\" data-widget_type=\"heading.default\">\n\t\t\t\t<div class=\"elementor-widget-container\">\n\t\t\t\t\t<h2 class=\"elementor-heading-title elementor-size-default\">Sie sind ein K\u00fcchenchef, der gerne aus seiner K\u00fcche heraustritt\u2026 Neugierig?<\/h2>\t\t\t\t<\/div>\n\t\t\t\t<\/div>\n\t\t\t\t<div class=\"elementor-element elementor-element-8ac1026 elementor-widget elementor-widget-text-editor\" data-id=\"8ac1026\" data-element_type=\"widget\" data-e-type=\"widget\" data-widget_type=\"text-editor.default\">\n\t\t\t\t<div class=\"elementor-widget-container\">\n\t\t\t\t\t\t\t\t\t<p>Ich bin bei jedem Service anwesend. Weil ich mich vom Gast vollkommen angesprochen f\u00fchle. Ich empfange ihn, begr\u00fc\u00dfe ihn, ich m\u00f6chte mich um ihn k\u00fcmmern. Ich bin \u00fcberzeugt, dass im Leben, in unseren Berufen, der Mensch den ganzen Unterschied ausmacht. Meine K\u00fcche ist eine K\u00fcche mit Charakter, engagiert, mit einer echten Identit\u00e4t. Es macht also durchaus Sinn, dass der K\u00fcchenchef pr\u00e4sent ist und die G\u00e4ste ihn sehen k\u00f6nnen. Also ja, ich verlasse w\u00e4hrend des Service oft meine K\u00fcche, wie \u00fcbrigens alle anderen Mitglieder der Brigade auch. Es ist eine Geisteshaltung, und sich so st\u00e4ndig mit den Gef\u00fchlen des Gastes auseinanderzusetzen, mit seinen Anmerkungen wie mit seiner Begeisterung, st\u00e4rkt das Team. Wir arbeiten f\u00fcreinander, im Dienste der G\u00e4ste. Und das sp\u00fcrt man, denke ich.          <\/p>\t\t\t\t\t\t\t\t<\/div>\n\t\t\t\t<\/div>\n\t\t\t\t<\/div>\n\t\t\t\t<\/div>\n\t\t\t\t<\/div>\n\t\t<div class=\"elementor-element elementor-element-1417120 e-con-full e-flex e-con e-parent\" data-id=\"1417120\" data-element_type=\"container\" data-e-type=\"container\" data-settings=\"{&quot;jet_parallax_layout_list&quot;:[]}\">\n\t\t<div class=\"elementor-element elementor-element-be6d013 e-con-full e-flex e-con e-child\" data-id=\"be6d013\" data-element_type=\"container\" data-e-type=\"container\" data-settings=\"{&quot;background_background&quot;:&quot;classic&quot;,&quot;jet_parallax_layout_list&quot;:[]}\">\n\t\t\t\t<\/div>\n\t\t<div class=\"elementor-element elementor-element-8e8d944 e-con-full e-flex e-con e-child\" data-id=\"8e8d944\" data-element_type=\"container\" data-e-type=\"container\" data-settings=\"{&quot;jet_parallax_layout_list&quot;:[]}\">\n\t\t<div class=\"elementor-element elementor-element-a3ec472 e-con-full e-flex e-con e-child\" data-id=\"a3ec472\" data-element_type=\"container\" data-e-type=\"container\" data-settings=\"{&quot;jet_parallax_layout_list&quot;:[],&quot;background_background&quot;:&quot;classic&quot;}\">\n\t\t\t\t<div class=\"elementor-element elementor-element-6b4f288 elementor-widget elementor-widget-heading\" data-id=\"6b4f288\" data-element_type=\"widget\" data-e-type=\"widget\" data-widget_type=\"heading.default\">\n\t\t\t\t<div class=\"elementor-widget-container\">\n\t\t\t\t\t<h2 class=\"elementor-heading-title elementor-size-default\">Das ist auch eine sch\u00f6ne Lektion, die Sie k\u00fcnftigen K\u00fcchenchefs mitgeben\u2026<\/h2>\t\t\t\t<\/div>\n\t\t\t\t<\/div>\n\t\t\t\t<div class=\"elementor-element elementor-element-2bf1b1c elementor-widget elementor-widget-text-editor\" data-id=\"2bf1b1c\" data-element_type=\"widget\" data-e-type=\"widget\" data-widget_type=\"text-editor.default\">\n\t\t\t\t<div class=\"elementor-widget-container\">\n\t\t\t\t\t\t\t\t\t<p>Michel Lafarque war ein zweifach ausgezeichneter Koch. Und ein bemerkenswerter Saucier. Aber er war auch ein gro\u00dfartiger Unternehmer: Alles hier war gut durchdacht, alles, was er eingerichtet hatte, funktioniert noch heute. Dann kam Samuel Blanc, ebenfalls ein Sternekoch. Meine Mission ist es, diesem Haus seinen fr\u00fcheren Ruf zur\u00fcckzugeben und den G\u00e4sten mindestens genauso viel Freude zu bereiten. Die Leute sagen mir oft: \u201eWelche Begeisterung! Welche Leidenschaft!\u201c Aber es geht vor allem ums Teilen. Ich nehme meine jungen Rekruten mit, zum Beispiel, um aromatische Kr\u00e4uter im Park zu sammeln. Sie sind erstaunt, ihre Augen leuchten\u2026 (l\u00e4chelt). Aber wenn man so teilt, ist man immer st\u00e4rker. Und man wird selbst st\u00e4rker. Und man f\u00fchlt sich auch selbst besser\u2026           <\/p>\t\t\t\t\t\t\t\t<\/div>\n\t\t\t\t<\/div>\n\t\t\t\t<\/div>\n\t\t\t\t<\/div>\n\t\t\t\t<\/div>\n\t\t<div class=\"elementor-element elementor-element-265e6fe e-con-full e-flex e-con e-parent\" data-id=\"265e6fe\" data-element_type=\"container\" data-e-type=\"container\" data-settings=\"{&quot;jet_parallax_layout_list&quot;:[]}\">\n\t\t<div class=\"elementor-element elementor-element-5455f68 e-con-full e-flex e-con e-child\" data-id=\"5455f68\" data-element_type=\"container\" data-e-type=\"container\" data-settings=\"{&quot;background_background&quot;:&quot;classic&quot;,&quot;jet_parallax_layout_list&quot;:[]}\">\n\t\t\t\t<\/div>\n\t\t<div class=\"elementor-element elementor-element-55a0284 e-con-full e-flex e-con e-child\" data-id=\"55a0284\" data-element_type=\"container\" data-e-type=\"container\" data-settings=\"{&quot;jet_parallax_layout_list&quot;:[]}\">\n\t\t<div class=\"elementor-element elementor-element-14b1c42 e-con-full e-flex e-con e-child\" data-id=\"14b1c42\" data-element_type=\"container\" data-e-type=\"container\" data-settings=\"{&quot;jet_parallax_layout_list&quot;:[],&quot;background_background&quot;:&quot;classic&quot;}\">\n\t\t\t\t<div class=\"elementor-element elementor-element-6a0e1c5 elementor-widget elementor-widget-heading\" data-id=\"6a0e1c5\" data-element_type=\"widget\" data-e-type=\"widget\" data-widget_type=\"heading.default\">\n\t\t\t\t<div class=\"elementor-widget-container\">\n\t\t\t\t\t<h2 class=\"elementor-heading-title elementor-size-default\">Erz\u00e4hlen Sie uns von Ihrer K\u00fcche, von dieser Liebe zur Region<\/h2>\t\t\t\t<\/div>\n\t\t\t\t<\/div>\n\t\t\t\t<div class=\"elementor-element elementor-element-4134607 elementor-widget elementor-widget-text-editor\" data-id=\"4134607\" data-element_type=\"widget\" data-e-type=\"widget\" data-widget_type=\"text-editor.default\">\n\t\t\t\t<div class=\"elementor-widget-container\">\n\t\t\t\t\t\t\t\t\t<p>Das ist der rote Faden. Der Teller erz\u00e4hlt unsere Geschichte, die des Herzbluts, das wir in unsere Arbeit stecken. Auch die Geschichte unserer kleinen Erzeuger, denn das lokale Netzwerk ist mir sehr wichtig und daher in der K\u00fcche sehr pr\u00e4sent. Wir arbeiten mit der Ferme de la Haute Desni\u00e9 (La Reid\/Theux) zusammen, einem Bio-Erzeuger im Direktvertrieb, der seine eigene Permakultur-Schule betreibt. Wir verwenden unter anderem deren Birkensaft. Bei den Fleischsorten bieten wir unter anderem wallonisches Lamm an: das Ardennais Tachet\u00e9. Unsere Wurstwaren kommen von der Metzgerei Muls in Spa. Ich habe einen hervorragenden Affineur in Aywaille f\u00fcr die K\u00e4sesorten, und ich habe ein sympathisches lokales Bier mit wilder Heidelbeere aus der Gegend von Vielsalm entdeckt. Unser Bio-Spargel kommt in der Saison vom Hof Herbisoeul. Mittwochs ist der Tag des Fischh\u00e4ndlers, der direkt aus Erquy (Bretagne) kommt, um uns seine beste Auswahl zu liefern. Mein Teller ist das Spiegelbild all dieser Begegnungen, die ich im Laufe meiner Karriere gemacht habe. Begegnungen mit wunderbaren Menschen f\u00fcr gute Produkte. Ich komme immer wieder auf diesen menschlichen Aspekt zur\u00fcck, der f\u00fcr mich essenziell ist.             <\/p>\t\t\t\t\t\t\t\t<\/div>\n\t\t\t\t<\/div>\n\t\t\t\t<\/div>\n\t\t\t\t<\/div>\n\t\t\t\t<\/div>\n\t\t<div class=\"elementor-element elementor-element-673ddf5 e-con-full e-flex e-con e-parent\" data-id=\"673ddf5\" data-element_type=\"container\" data-e-type=\"container\" data-settings=\"{&quot;jet_parallax_layout_list&quot;:[]}\">\n\t\t<div class=\"elementor-element elementor-element-45d74b5 e-con-full e-flex e-con e-child\" data-id=\"45d74b5\" data-element_type=\"container\" data-e-type=\"container\" data-settings=\"{&quot;background_background&quot;:&quot;classic&quot;,&quot;jet_parallax_layout_list&quot;:[]}\">\n\t\t\t\t<\/div>\n\t\t<div class=\"elementor-element elementor-element-95320f6 e-con-full e-flex e-con e-child\" data-id=\"95320f6\" data-element_type=\"container\" data-e-type=\"container\" data-settings=\"{&quot;jet_parallax_layout_list&quot;:[]}\">\n\t\t<div class=\"elementor-element elementor-element-c279042 e-con-full e-flex e-con e-child\" data-id=\"c279042\" data-element_type=\"container\" data-e-type=\"container\" data-settings=\"{&quot;jet_parallax_layout_list&quot;:[],&quot;background_background&quot;:&quot;classic&quot;}\">\n\t\t\t\t<div class=\"elementor-element elementor-element-afe755f elementor-widget elementor-widget-heading\" data-id=\"afe755f\" data-element_type=\"widget\" data-e-type=\"widget\" data-widget_type=\"heading.default\">\n\t\t\t\t<div class=\"elementor-widget-container\">\n\t\t\t\t\t<h2 class=\"elementor-heading-title elementor-size-default\">Sie sammeln auch selbst\u2026 Lokaler geht es nicht!<\/h2>\t\t\t\t<\/div>\n\t\t\t\t<\/div>\n\t\t\t\t<div class=\"elementor-element elementor-element-0c1e9cc elementor-widget elementor-widget-text-editor\" data-id=\"0c1e9cc\" data-element_type=\"widget\" data-e-type=\"widget\" data-widget_type=\"text-editor.default\">\n\t\t\t\t<div class=\"elementor-widget-container\">\n\t\t\t\t\t\t\t\t\t<p>Heute Mittag habe ich zum Beispiel Jakobsmuscheln mit B\u00e4rlauch zubereitet, dank dieses wunderbaren Wildknoblauchs, der in unserem Garten in H\u00fclle und F\u00fclle w\u00e4chst und den ich dank seines Reichtums an Chlorophyll zu gr\u00fcnem Saft verarbeite. Ich sammle viele Wildkr\u00e4uter im Park des Anwesens. Waldmeister, Baldrian, Schafgarbe, Veilchen, wilder Efeu und Waldsauerklee, auch \u201ekleiner wilder Sauerampfer\u201c genannt\u2026 Ich mache meinen Einkauf vor jedem Service, vom Fr\u00fchling bis September. Und wir haben auch unsere eigenen Morcheln! Wir befinden uns auf der Theux-Verwerfung, die reich an Kalkstein ist, was die Pr\u00e4senz von Morcheln sowie von B\u00e4rlauch erkl\u00e4rt. Gut essen ist nicht so kompliziert. Wir arbeiten mit dem, was wir haben, unsere Teller spiegeln unsere Region wider. Man isst hier nicht dasselbe wie in der Ebene, das hei\u00dft\u2026 in der Stadt (lacht)!<\/p><p>\u201eDieser lokale Geist, dieser Stolz auf die Region, gilt sowohl f\u00fcr den Inhalt des Tellers als auch f\u00fcr das Geschirr: Unsere marinierte Languste wird zum Beispiel auf einem Schieferstein aus dem Vesdre-Tal pr\u00e4sentiert. Im \u00dcbrigen krempeln wir die \u00c4rmel hoch und achten stets darauf, das gesamte Produkt zu verwerten: Unsere Fleischsorten kommen mit Knochen an und ihre Karkassen werden zu Fonds verarbeitet; die Fische sind ganz, die Gr\u00e4ten dienen als Fumet und die Schalentierreste als Aufguss; wir r\u00e4uchern unseren Lachs selbst, wir backen unser Brot, die Mignardises\u2026 <\/p>\t\t\t\t\t\t\t\t<\/div>\n\t\t\t\t<\/div>\n\t\t\t\t<\/div>\n\t\t\t\t<\/div>\n\t\t\t\t<\/div>\n\t\t<div class=\"elementor-element elementor-element-74c71ae e-con-full e-flex e-con e-parent\" data-id=\"74c71ae\" data-element_type=\"container\" data-e-type=\"container\" data-settings=\"{&quot;jet_parallax_layout_list&quot;:[]}\">\n\t\t<div class=\"elementor-element elementor-element-f08566a e-con-full e-flex e-con e-child\" data-id=\"f08566a\" data-element_type=\"container\" data-e-type=\"container\" data-settings=\"{&quot;background_background&quot;:&quot;classic&quot;,&quot;jet_parallax_layout_list&quot;:[]}\">\n\t\t\t\t<\/div>\n\t\t<div class=\"elementor-element elementor-element-d2bc92a e-con-full e-flex e-con e-child\" data-id=\"d2bc92a\" data-element_type=\"container\" data-e-type=\"container\" data-settings=\"{&quot;jet_parallax_layout_list&quot;:[]}\">\n\t\t<div class=\"elementor-element elementor-element-b094b9d e-con-full e-flex e-con e-child\" data-id=\"b094b9d\" data-element_type=\"container\" data-e-type=\"container\" data-settings=\"{&quot;jet_parallax_layout_list&quot;:[]}\">\n\t\t\t\t<div class=\"elementor-element elementor-element-be2c6cb elementor-widget elementor-widget-heading\" data-id=\"be2c6cb\" data-element_type=\"widget\" data-e-type=\"widget\" data-widget_type=\"heading.default\">\n\t\t\t\t<div class=\"elementor-widget-container\">\n\t\t\t\t\t<h2 class=\"elementor-heading-title elementor-size-default\">Das fabelhafte Schicksal von Olivier Tucki\n<\/h2>\t\t\t\t<\/div>\n\t\t\t\t<\/div>\n\t\t\t\t<div class=\"elementor-element elementor-element-80ac5bd elementor-icon-list--layout-traditional elementor-list-item-link-full_width elementor-widget elementor-widget-icon-list\" data-id=\"80ac5bd\" data-element_type=\"widget\" data-e-type=\"widget\" data-widget_type=\"icon-list.default\">\n\t\t\t\t<div class=\"elementor-widget-container\">\n\t\t\t\t\t\t\t<ul class=\"elementor-icon-list-items\">\n\t\t\t\t\t\t\t<li class=\"elementor-icon-list-item\">\n\t\t\t\t\t\t\t\t\t\t\t<span class=\"elementor-icon-list-icon\">\n\t\t\t\t\t\t\t<svg aria-hidden=\"true\" class=\"e-font-icon-svg e-fas-star\" viewBox=\"0 0 576 512\" xmlns=\"http:\/\/www.w3.org\/2000\/svg\"><path d=\"M259.3 17.8L194 150.2 47.9 171.5c-26.2 3.8-36.7 36.1-17.7 54.6l105.7 103-25 145.5c-4.5 26.3 23.2 46 46.4 33.7L288 439.6l130.7 68.7c23.2 12.2 50.9-7.4 46.4-33.7l-25-145.5 105.7-103c19-18.5 8.5-50.8-17.7-54.6L382 150.2 316.7 17.8c-11.7-23.6-45.6-23.9-57.4 0z\"><\/path><\/svg>\t\t\t\t\t\t<\/span>\n\t\t\t\t\t\t\t\t\t\t<span class=\"elementor-icon-list-text\">Hotelfachschule Paris (Frankreich)<\/span>\n\t\t\t\t\t\t\t\t\t<\/li>\n\t\t\t\t\t\t\t\t<li class=\"elementor-icon-list-item\">\n\t\t\t\t\t\t\t\t\t\t\t<span class=\"elementor-icon-list-icon\">\n\t\t\t\t\t\t\t<svg aria-hidden=\"true\" class=\"e-font-icon-svg e-fas-star\" viewBox=\"0 0 576 512\" xmlns=\"http:\/\/www.w3.org\/2000\/svg\"><path d=\"M259.3 17.8L194 150.2 47.9 171.5c-26.2 3.8-36.7 36.1-17.7 54.6l105.7 103-25 145.5c-4.5 26.3 23.2 46 46.4 33.7L288 439.6l130.7 68.7c23.2 12.2 50.9-7.4 46.4-33.7l-25-145.5 105.7-103c19-18.5 8.5-50.8-17.7-54.6L382 150.2 316.7 17.8c-11.7-23.6-45.6-23.9-57.4 0z\"><\/path><\/svg>\t\t\t\t\t\t<\/span>\n\t\t\t\t\t\t\t\t\t\t<span class=\"elementor-icon-list-text\">The Connaught Hotel* in London (Gro\u00dfbritannien)<\/span>\n\t\t\t\t\t\t\t\t\t<\/li>\n\t\t\t\t\t\t\t\t<li class=\"elementor-icon-list-item\">\n\t\t\t\t\t\t\t\t\t\t\t<span class=\"elementor-icon-list-icon\">\n\t\t\t\t\t\t\t<svg aria-hidden=\"true\" class=\"e-font-icon-svg e-fas-star\" viewBox=\"0 0 576 512\" xmlns=\"http:\/\/www.w3.org\/2000\/svg\"><path d=\"M259.3 17.8L194 150.2 47.9 171.5c-26.2 3.8-36.7 36.1-17.7 54.6l105.7 103-25 145.5c-4.5 26.3 23.2 46 46.4 33.7L288 439.6l130.7 68.7c23.2 12.2 50.9-7.4 46.4-33.7l-25-145.5 105.7-103c19-18.5 8.5-50.8-17.7-54.6L382 150.2 316.7 17.8c-11.7-23.6-45.6-23.9-57.4 0z\"><\/path><\/svg>\t\t\t\t\t\t<\/span>\n\t\t\t\t\t\t\t\t\t\t<span class=\"elementor-icon-list-text\">De Bijgaarden** (Belgien)<\/span>\n\t\t\t\t\t\t\t\t\t<\/li>\n\t\t\t\t\t\t\t\t<li class=\"elementor-icon-list-item\">\n\t\t\t\t\t\t\t\t\t\t\t<span class=\"elementor-icon-list-icon\">\n\t\t\t\t\t\t\t<svg aria-hidden=\"true\" class=\"e-font-icon-svg e-fas-star\" viewBox=\"0 0 576 512\" xmlns=\"http:\/\/www.w3.org\/2000\/svg\"><path d=\"M259.3 17.8L194 150.2 47.9 171.5c-26.2 3.8-36.7 36.1-17.7 54.6l105.7 103-25 145.5c-4.5 26.3 23.2 46 46.4 33.7L288 439.6l130.7 68.7c23.2 12.2 50.9-7.4 46.4-33.7l-25-145.5 105.7-103c19-18.5 8.5-50.8-17.7-54.6L382 150.2 316.7 17.8c-11.7-23.6-45.6-23.9-57.4 0z\"><\/path><\/svg>\t\t\t\t\t\t<\/span>\n\t\t\t\t\t\t\t\t\t\t<span class=\"elementor-icon-list-text\">Radisson SAS Balmoral in Spa (Belgien)<\/span>\n\t\t\t\t\t\t\t\t\t<\/li>\n\t\t\t\t\t\t\t\t<li class=\"elementor-icon-list-item\">\n\t\t\t\t\t\t\t\t\t\t\t<span class=\"elementor-icon-list-icon\">\n\t\t\t\t\t\t\t<svg aria-hidden=\"true\" class=\"e-font-icon-svg e-fas-star\" viewBox=\"0 0 576 512\" xmlns=\"http:\/\/www.w3.org\/2000\/svg\"><path d=\"M259.3 17.8L194 150.2 47.9 171.5c-26.2 3.8-36.7 36.1-17.7 54.6l105.7 103-25 145.5c-4.5 26.3 23.2 46 46.4 33.7L288 439.6l130.7 68.7c23.2 12.2 50.9-7.4 46.4-33.7l-25-145.5 105.7-103c19-18.5 8.5-50.8-17.7-54.6L382 150.2 316.7 17.8c-11.7-23.6-45.6-23.9-57.4 0z\"><\/path><\/svg>\t\t\t\t\t\t<\/span>\n\t\t\t\t\t\t\t\t\t\t<span class=\"elementor-icon-list-text\">Sea Grill** in Br\u00fcssel (Belgien)<\/span>\n\t\t\t\t\t\t\t\t\t<\/li>\n\t\t\t\t\t\t\t\t<li class=\"elementor-icon-list-item\">\n\t\t\t\t\t\t\t\t\t\t\t<span class=\"elementor-icon-list-icon\">\n\t\t\t\t\t\t\t<svg aria-hidden=\"true\" class=\"e-font-icon-svg e-fas-star\" viewBox=\"0 0 576 512\" xmlns=\"http:\/\/www.w3.org\/2000\/svg\"><path d=\"M259.3 17.8L194 150.2 47.9 171.5c-26.2 3.8-36.7 36.1-17.7 54.6l105.7 103-25 145.5c-4.5 26.3 23.2 46 46.4 33.7L288 439.6l130.7 68.7c23.2 12.2 50.9-7.4 46.4-33.7l-25-145.5 105.7-103c19-18.5 8.5-50.8-17.7-54.6L382 150.2 316.7 17.8c-11.7-23.6-45.6-23.9-57.4 0z\"><\/path><\/svg>\t\t\t\t\t\t<\/span>\n\t\t\t\t\t\t\t\t\t\t<span class=\"elementor-icon-list-text\">Manoir de L\u00e9bioles in Spa (Belgien)<\/span>\n\t\t\t\t\t\t\t\t\t<\/li>\n\t\t\t\t\t\t\t\t<li class=\"elementor-icon-list-item\">\n\t\t\t\t\t\t\t\t\t\t\t<span class=\"elementor-icon-list-icon\">\n\t\t\t\t\t\t\t<svg aria-hidden=\"true\" class=\"e-font-icon-svg e-fas-star\" viewBox=\"0 0 576 512\" xmlns=\"http:\/\/www.w3.org\/2000\/svg\"><path d=\"M259.3 17.8L194 150.2 47.9 171.5c-26.2 3.8-36.7 36.1-17.7 54.6l105.7 103-25 145.5c-4.5 26.3 23.2 46 46.4 33.7L288 439.6l130.7 68.7c23.2 12.2 50.9-7.4 46.4-33.7l-25-145.5 105.7-103c19-18.5 8.5-50.8-17.7-54.6L382 150.2 316.7 17.8c-11.7-23.6-45.6-23.9-57.4 0z\"><\/path><\/svg>\t\t\t\t\t\t<\/span>\n\t\t\t\t\t\t\t\t\t\t<span class=\"elementor-icon-list-text\">Hostellerie Lafarques in Pepinster (Belgien)<\/span>\n\t\t\t\t\t\t\t\t\t<\/li>\n\t\t\t\t\t\t<\/ul>\n\t\t\t\t\t\t<\/div>\n\t\t\t\t<\/div>\n\t\t\t\t<div class=\"elementor-element elementor-element-c131e64 elementor-widget elementor-widget-text-editor\" data-id=\"c131e64\" data-element_type=\"widget\" data-e-type=\"widget\" data-widget_type=\"text-editor.default\">\n\t\t\t\t<div class=\"elementor-widget-container\">\n\t\t\t\t\t\t\t\t\t<p> Entdecken Sie die K\u00fcche von Olivier Tucki<\/p>\t\t\t\t\t\t\t\t<\/div>\n\t\t\t\t<\/div>\n\t\t\t\t<\/div>\n\t\t\t\t<\/div>\n\t\t\t\t<\/div>\n\t\t\t\t<\/div>\n\t\t","protected":false},"excerpt":{"rendered":"<p>K\u00fcchenchef Olivier Tucki Lafarques seinen einstigen Glanz zur\u00fcckzugeben, in einem entschieden zeitgen\u00f6ssischen Rahmen und mit einer kreativen, zeitgem\u00e4\u00dfen K\u00fcche: Das war die bewusste Entscheidung von K\u00fcchenchef Olivier Tucki, als er im Herbst 2017 die Leitung des renommierten gastronomischen Anwesens \u00fcbernahm. Der Mensch steht im Mittelpunkt der Philosophie dieses burgundischen K\u00fcchenchefs, sei es bei der Begegnung [&hellip;]<\/p>\n","protected":false},"author":1,"featured_media":0,"parent":3239,"menu_order":0,"comment_status":"closed","ping_status":"closed","template":"","meta":{"footnotes":""},"class_list":["post-2572","page","type-page","status-publish","hentry"],"_links":{"self":[{"href":"https:\/\/www.lafarques.be\/de\/wp-json\/wp\/v2\/pages\/2572","targetHints":{"allow":["GET"]}}],"collection":[{"href":"https:\/\/www.lafarques.be\/de\/wp-json\/wp\/v2\/pages"}],"about":[{"href":"https:\/\/www.lafarques.be\/de\/wp-json\/wp\/v2\/types\/page"}],"author":[{"embeddable":true,"href":"https:\/\/www.lafarques.be\/de\/wp-json\/wp\/v2\/users\/1"}],"replies":[{"embeddable":true,"href":"https:\/\/www.lafarques.be\/de\/wp-json\/wp\/v2\/comments?post=2572"}],"version-history":[{"count":1,"href":"https:\/\/www.lafarques.be\/de\/wp-json\/wp\/v2\/pages\/2572\/revisions"}],"predecessor-version":[{"id":2585,"href":"https:\/\/www.lafarques.be\/de\/wp-json\/wp\/v2\/pages\/2572\/revisions\/2585"}],"up":[{"embeddable":true,"href":"https:\/\/www.lafarques.be\/de\/wp-json\/wp\/v2\/pages\/3239"}],"wp:attachment":[{"href":"https:\/\/www.lafarques.be\/de\/wp-json\/wp\/v2\/media?parent=2572"}],"curies":[{"name":"wp","href":"https:\/\/api.w.org\/{rel}","templated":true}]}}