{"id":2687,"date":"2025-11-27T13:55:24","date_gmt":"2025-11-27T13:55:24","guid":{"rendered":"https:\/\/www.lafarques.be\/geschenkgutscheine-kaufen\/"},"modified":"2026-03-12T00:23:48","modified_gmt":"2026-03-12T00:23:48","slug":"geschenkgutscheine-kaufen","status":"publish","type":"page","link":"https:\/\/www.lafarques.be\/de\/restaurant\/geschenkgutscheine-kaufen\/","title":{"rendered":"Geschenkgutscheine kaufen"},"content":{"rendered":"\t\t<div data-elementor-type=\"wp-page\" data-elementor-id=\"2687\" class=\"elementor elementor-2687 elementor-1577\" data-elementor-post-type=\"page\">\n\t\t\t\t<div class=\"elementor-element elementor-element-675971d e-con-full e-flex e-con e-parent\" data-id=\"675971d\" data-element_type=\"container\" data-e-type=\"container\" data-settings=\"{&quot;jet_parallax_layout_list&quot;:[]}\">\n\t\t<div class=\"elementor-element elementor-element-9ac77dc e-con-full e-flex e-con e-child\" data-id=\"9ac77dc\" data-element_type=\"container\" data-e-type=\"container\" data-settings=\"{&quot;background_background&quot;:&quot;classic&quot;,&quot;jet_parallax_layout_list&quot;:[]}\">\n\t\t\t\t<\/div>\n\t\t<div class=\"elementor-element elementor-element-7234db1 e-con-full e-flex e-con e-child\" data-id=\"7234db1\" data-element_type=\"container\" data-e-type=\"container\" data-settings=\"{&quot;jet_parallax_layout_list&quot;:[]}\">\n\t\t<div class=\"elementor-element elementor-element-cd57928 e-con-full e-flex e-con e-child\" data-id=\"cd57928\" data-element_type=\"container\" data-e-type=\"container\" data-settings=\"{&quot;jet_parallax_layout_list&quot;:[]}\">\n\t\t\t\t<div class=\"elementor-element elementor-element-b15ef91 elementor-widget elementor-widget-heading\" data-id=\"b15ef91\" data-element_type=\"widget\" data-e-type=\"widget\" data-widget_type=\"heading.default\">\n\t\t\t\t<div class=\"elementor-widget-container\">\n\t\t\t\t\t<h2 class=\"elementor-heading-title elementor-size-default\">GESCHENKGUTSCHEINE<\/h2>\t\t\t\t<\/div>\n\t\t\t\t<\/div>\n\t\t<div class=\"elementor-element elementor-element-826416b e-con-full e-flex e-con e-child\" data-id=\"826416b\" data-element_type=\"container\" data-e-type=\"container\" data-settings=\"{&quot;jet_parallax_layout_list&quot;:[]}\">\n\t\t\t\t<div class=\"elementor-element elementor-element-83f0ba9 elementor-widget elementor-widget-heading\" data-id=\"83f0ba9\" data-element_type=\"widget\" data-e-type=\"widget\" data-widget_type=\"heading.default\">\n\t\t\t\t<div class=\"elementor-widget-container\">\n\t\t\t\t\t<h2 class=\"elementor-heading-title elementor-size-default\">Bereiten Sie Ihren Liebsten eine Freude mit einem unvergesslichen Geschenk.\n<\/h2>\t\t\t\t<\/div>\n\t\t\t\t<\/div>\n\t\t\t\t<div class=\"elementor-element elementor-element-6e045fc elementor-widget elementor-widget-text-editor\" data-id=\"6e045fc\" data-element_type=\"widget\" data-e-type=\"widget\" data-widget_type=\"text-editor.default\">\n\t\t\t\t<div class=\"elementor-widget-container\">\n\t\t\t\t\t\t\t\t\t<p>Schenken Sie ihnen die M\u00f6glichkeit, mit unseren personalisierten Geschenkgutscheinen ein einzigartiges Erlebnis zu genie\u00dfen. Ob f\u00fcr einen Moment der Entspannung, kulinarischen Genuss oder einen besonderen Kurzurlaub \u2013 w\u00e4hlen Sie aus unseren exklusiven Angeboten oder entscheiden Sie sich f\u00fcr einen Gutschein im Wert Ihrer Wahl. Au\u00dfergew\u00f6hnliches zu schenken war noch nie so einfach.<\/p><p>Ein ma\u00dfgeschneidertes Geschenk, das die Augen Ihrer Liebsten zum Leuchten bringen wird.<\/p><p><a href=\"https:\/\/www.lafarques.be\/de\/geschenkgutscheine-bestellen\/\">Online bestellen<\/a><br>oder kontaktieren Sie uns unter 087\/84.01.77<\/p>\t\t\t\t\t\t\t\t<\/div>\n\t\t\t\t<\/div>\n\t\t\t\t<\/div>\n\t\t\t\t<\/div>\n\t\t\t\t<\/div>\n\t\t\t\t<\/div>\n\t\t<div class=\"elementor-element elementor-element-b250ed5 e-con-full e-flex e-con e-parent\" data-id=\"b250ed5\" data-element_type=\"container\" data-e-type=\"container\" data-settings=\"{&quot;jet_parallax_layout_list&quot;:[]}\">\n\t\t\t\t<div class=\"elementor-element elementor-element-ca7090d elementor-widget__width-initial elementor-arrows-position-inside elementor-widget elementor-widget-loop-carousel\" data-id=\"ca7090d\" data-element_type=\"widget\" data-e-type=\"widget\" data-settings=\"{&quot;template_id&quot;:3495,&quot;slides_to_show&quot;:&quot;1&quot;,&quot;image_spacing_custom&quot;:{&quot;unit&quot;:&quot;px&quot;,&quot;size&quot;:0,&quot;sizes&quot;:[]},&quot;_skin&quot;:&quot;post&quot;,&quot;slides_to_show_tablet&quot;:&quot;2&quot;,&quot;slides_to_show_mobile&quot;:&quot;1&quot;,&quot;slides_to_scroll&quot;:&quot;1&quot;,&quot;edit_handle_selector&quot;:&quot;.elementor-loop-container&quot;,&quot;autoplay&quot;:&quot;yes&quot;,&quot;autoplay_speed&quot;:5000,&quot;pause_on_hover&quot;:&quot;yes&quot;,&quot;pause_on_interaction&quot;:&quot;yes&quot;,&quot;infinite&quot;:&quot;yes&quot;,&quot;speed&quot;:500,&quot;offset_sides&quot;:&quot;none&quot;,&quot;arrows&quot;:&quot;yes&quot;,&quot;image_spacing_custom_tablet&quot;:{&quot;unit&quot;:&quot;px&quot;,&quot;size&quot;:&quot;&quot;,&quot;sizes&quot;:[]},&quot;image_spacing_custom_mobile&quot;:{&quot;unit&quot;:&quot;px&quot;,&quot;size&quot;:&quot;&quot;,&quot;sizes&quot;:[]}}\" data-widget_type=\"loop-carousel.post\">\n\t\t\t\t<div class=\"elementor-widget-container\">\n\t\t\t\t\t\t\t<div class=\"e-loop-nothing-found-message\">\n\t\t<\/div>\n\t\t\t\t\t\t<\/div>\n\t\t\t\t<\/div>\n\t\t\t\t<\/div>\n\t\t\t\t<\/div>\n\t\t","protected":false},"excerpt":{"rendered":"<p>GESCHENKGUTSCHEINE Bereiten Sie Ihren Liebsten eine Freude mit einem unvergesslichen Geschenk. Schenken Sie ihnen die M\u00f6glichkeit, mit unseren personalisierten Geschenkgutscheinen ein einzigartiges Erlebnis zu genie\u00dfen. Ob f\u00fcr einen Moment der Entspannung, kulinarischen Genuss oder einen besonderen Kurzurlaub \u2013 w\u00e4hlen Sie aus unseren exklusiven Angeboten oder entscheiden Sie sich f\u00fcr einen Gutschein im Wert Ihrer Wahl. [&hellip;]<\/p>\n","protected":false},"author":1,"featured_media":0,"parent":3239,"menu_order":0,"comment_status":"closed","ping_status":"closed","template":"","meta":{"footnotes":""},"class_list":["post-2687","page","type-page","status-publish","hentry"],"_links":{"self":[{"href":"https:\/\/www.lafarques.be\/de\/wp-json\/wp\/v2\/pages\/2687","targetHints":{"allow":["GET"]}}],"collection":[{"href":"https:\/\/www.lafarques.be\/de\/wp-json\/wp\/v2\/pages"}],"about":[{"href":"https:\/\/www.lafarques.be\/de\/wp-json\/wp\/v2\/types\/page"}],"author":[{"embeddable":true,"href":"https:\/\/www.lafarques.be\/de\/wp-json\/wp\/v2\/users\/1"}],"replies":[{"embeddable":true,"href":"https:\/\/www.lafarques.be\/de\/wp-json\/wp\/v2\/comments?post=2687"}],"version-history":[{"count":1,"href":"https:\/\/www.lafarques.be\/de\/wp-json\/wp\/v2\/pages\/2687\/revisions"}],"predecessor-version":[{"id":2693,"href":"https:\/\/www.lafarques.be\/de\/wp-json\/wp\/v2\/pages\/2687\/revisions\/2693"}],"up":[{"embeddable":true,"href":"https:\/\/www.lafarques.be\/de\/wp-json\/wp\/v2\/pages\/3239"}],"wp:attachment":[{"href":"https:\/\/www.lafarques.be\/de\/wp-json\/wp\/v2\/media?parent=2687"}],"curies":[{"name":"wp","href":"https:\/\/api.w.org\/{rel}","templated":true}]}}