{"id":2773,"date":"2025-11-27T01:39:43","date_gmt":"2025-11-27T01:39:43","guid":{"rendered":"https:\/\/www.lafarques.be\/gastronomischer-aufenthalt\/"},"modified":"2026-04-21T08:18:23","modified_gmt":"2026-04-21T08:18:23","slug":"gastronomischer-aufenthalt","status":"publish","type":"page","link":"https:\/\/www.lafarques.be\/de\/restaurant\/gastronomischer-aufenthalt\/","title":{"rendered":"Gourmet-Aufenthalt"},"content":{"rendered":"\t\t<div data-elementor-type=\"wp-page\" data-elementor-id=\"2773\" class=\"elementor elementor-2773 elementor-1411\" data-elementor-post-type=\"page\">\n\t\t\t\t<div class=\"elementor-element elementor-element-babb25d e-con-full e-flex e-con e-parent\" data-id=\"babb25d\" data-element_type=\"container\" data-e-type=\"container\" data-settings=\"{&quot;jet_parallax_layout_list&quot;:[]}\">\n\t\t<div class=\"elementor-element elementor-element-883de08 e-con-full e-flex e-con e-child\" data-id=\"883de08\" data-element_type=\"container\" data-e-type=\"container\" data-settings=\"{&quot;background_background&quot;:&quot;classic&quot;,&quot;jet_parallax_layout_list&quot;:[]}\">\n\t\t\t\t<\/div>\n\t\t<div class=\"elementor-element elementor-element-69b8dab e-con-full e-flex e-con e-child\" data-id=\"69b8dab\" data-element_type=\"container\" data-e-type=\"container\" data-settings=\"{&quot;background_background&quot;:&quot;classic&quot;,&quot;jet_parallax_layout_list&quot;:[]}\">\n\t\t<div class=\"elementor-element elementor-element-69e3251 e-con-full e-flex e-con e-child\" data-id=\"69e3251\" data-element_type=\"container\" data-e-type=\"container\" data-settings=\"{&quot;jet_parallax_layout_list&quot;:[]}\">\n\t\t\t\t<div class=\"elementor-element elementor-element-015b560 elementor-widget elementor-widget-heading\" data-id=\"015b560\" data-element_type=\"widget\" data-e-type=\"widget\" data-widget_type=\"heading.default\">\n\t\t\t\t<div class=\"elementor-widget-container\">\n\t\t\t\t\t<h2 class=\"elementor-heading-title elementor-size-default\">Entdeckungs-Arrangement<\/h2>\t\t\t\t<\/div>\n\t\t\t\t<\/div>\n\t\t<div class=\"elementor-element elementor-element-48e4784 e-con-full e-flex e-con e-child\" data-id=\"48e4784\" data-element_type=\"container\" data-e-type=\"container\" data-settings=\"{&quot;jet_parallax_layout_list&quot;:[]}\">\n\t\t<div class=\"elementor-element elementor-element-2403b0d e-con-full e-flex e-con e-child\" data-id=\"2403b0d\" data-element_type=\"container\" data-e-type=\"container\" data-settings=\"{&quot;jet_parallax_layout_list&quot;:[]}\">\n\t\t\t\t<div class=\"elementor-element elementor-element-9b23b5e elementor-widget elementor-widget-heading\" data-id=\"9b23b5e\" data-element_type=\"widget\" data-e-type=\"widget\" data-widget_type=\"heading.default\">\n\t\t\t\t<div class=\"elementor-widget-container\">\n\t\t\t\t\t<h2 class=\"elementor-heading-title elementor-size-default\">Entdeckungs-Arrangement<\/h2>\t\t\t\t<\/div>\n\t\t\t\t<\/div>\n\t\t\t\t<div class=\"elementor-element elementor-element-4f3e3de elementor-widget elementor-widget-text-editor\" data-id=\"4f3e3de\" data-element_type=\"widget\" data-e-type=\"widget\" data-widget_type=\"text-editor.default\">\n\t\t\t\t<div class=\"elementor-widget-container\">\n\t\t\t\t\t\t\t\t\t<p>Eine \u00dcbernachtung<br>Gro\u00dfes Lafarques Men\u00fc mit 5 G\u00e4ngen (ohne Getr\u00e4nke)<br>Fr\u00fchst\u00fcck<br>Kurtaxe<\/p>\t\t\t\t\t\t\t\t<\/div>\n\t\t\t\t<\/div>\n\t\t\t\t<\/div>\n\t\t<div class=\"elementor-element elementor-element-644fcd6 e-con-full e-flex e-con e-child\" data-id=\"644fcd6\" data-element_type=\"container\" data-e-type=\"container\" data-settings=\"{&quot;jet_parallax_layout_list&quot;:[]}\">\n\t\t\t\t<div class=\"elementor-element elementor-element-4afa1cc elementor-widget elementor-widget-heading\" data-id=\"4afa1cc\" data-element_type=\"widget\" data-e-type=\"widget\" data-widget_type=\"heading.default\">\n\t\t\t\t<div class=\"elementor-widget-container\">\n\t\t\t\t\t<h2 class=\"elementor-heading-title elementor-size-default\">Preise:<\/h2>\t\t\t\t<\/div>\n\t\t\t\t<\/div>\n\t\t<div class=\"elementor-element elementor-element-a298291 e-con-full e-flex e-con e-child\" data-id=\"a298291\" data-element_type=\"container\" data-e-type=\"container\" data-settings=\"{&quot;jet_parallax_layout_list&quot;:[]}\">\n\t\t\t\t<div class=\"elementor-element elementor-element-c937a24 elementor-widget elementor-widget-heading\" data-id=\"c937a24\" data-element_type=\"widget\" data-e-type=\"widget\" data-widget_type=\"heading.default\">\n\t\t\t\t<div class=\"elementor-widget-container\">\n\t\t\t\t\t<h2 class=\"elementor-heading-title elementor-size-default\">Von Mittwoch bis Donnerstag ODER von Donnerstag bis Freitag *:<\/h2>\t\t\t\t<\/div>\n\t\t\t\t<\/div>\n\t\t\t\t<div class=\"elementor-element elementor-element-c58be95 elementor-widget elementor-widget-text-editor\" data-id=\"c58be95\" data-element_type=\"widget\" data-e-type=\"widget\" data-widget_type=\"text-editor.default\">\n\t\t\t\t<div class=\"elementor-widget-container\">\n\t\t\t\t\t\t\t\t\t<p>409 \u20ac im Standardzimmer<br>449 \u20ac im Deluxe-Zimmer<br>469 \u20ac in der Junior Suite<\/p>\t\t\t\t\t\t\t\t<\/div>\n\t\t\t\t<\/div>\n\t\t\t\t<\/div>\n\t\t<div class=\"elementor-element elementor-element-24eb985 e-con-full e-flex e-con e-child\" data-id=\"24eb985\" data-element_type=\"container\" data-e-type=\"container\" data-settings=\"{&quot;jet_parallax_layout_list&quot;:[]}\">\n\t\t\t\t<div class=\"elementor-element elementor-element-64321d0 elementor-widget elementor-widget-heading\" data-id=\"64321d0\" data-element_type=\"widget\" data-e-type=\"widget\" data-widget_type=\"heading.default\">\n\t\t\t\t<div class=\"elementor-widget-container\">\n\t\t\t\t\t<h2 class=\"elementor-heading-title elementor-size-default\">Von Freitag bis Samstag ODER von Samstag bis Sonntag:\n\n<\/h2>\t\t\t\t<\/div>\n\t\t\t\t<\/div>\n\t\t\t\t<div class=\"elementor-element elementor-element-3211a4e elementor-widget elementor-widget-text-editor\" data-id=\"3211a4e\" data-element_type=\"widget\" data-e-type=\"widget\" data-widget_type=\"text-editor.default\">\n\t\t\t\t<div class=\"elementor-widget-container\">\n\t\t\t\t\t\t\t\t\t<p>509 \u20ac im Standardzimmer<br>549 \u20ac im Deluxe-Zimmer<br>589 \u20ac in der Junior Suite<\/p>\t\t\t\t\t\t\t\t<\/div>\n\t\t\t\t<\/div>\n\t\t\t\t<\/div>\n\t\t\t\t<div class=\"elementor-element elementor-element-94fd078 elementor-widget elementor-widget-text-editor\" data-id=\"94fd078\" data-element_type=\"widget\" data-e-type=\"widget\" data-widget_type=\"text-editor.default\">\n\t\t\t\t<div class=\"elementor-widget-container\">\n\t\t\t\t\t\t\t\t\t<p>*An Vorabenden von Feiertagen und an Feiertagen gelten die Preise von Freitag \/ Samstag.<\/p>\t\t\t\t\t\t\t\t<\/div>\n\t\t\t\t<\/div>\n\t\t\t\t<\/div>\n\t\t\t\t<\/div>\n\t\t\t\t<\/div>\n\t\t\t\t<\/div>\n\t\t\t\t<\/div>\n\t\t<div class=\"elementor-element elementor-element-1c6542f e-con-full e-flex e-con e-parent\" data-id=\"1c6542f\" data-element_type=\"container\" data-e-type=\"container\" data-settings=\"{&quot;jet_parallax_layout_list&quot;:[]}\">\n\t\t<div class=\"elementor-element elementor-element-949418f e-con-full e-flex e-con e-child\" data-id=\"949418f\" data-element_type=\"container\" data-e-type=\"container\" data-settings=\"{&quot;background_background&quot;:&quot;classic&quot;,&quot;jet_parallax_layout_list&quot;:[]}\">\n\t\t\t\t<\/div>\n\t\t<div class=\"elementor-element elementor-element-036f111 e-con-full e-flex e-con e-child\" data-id=\"036f111\" data-element_type=\"container\" data-e-type=\"container\" data-settings=\"{&quot;background_background&quot;:&quot;classic&quot;,&quot;jet_parallax_layout_list&quot;:[]}\">\n\t\t<div class=\"elementor-element elementor-element-16adcd0 e-con-full e-flex e-con e-child\" data-id=\"16adcd0\" data-element_type=\"container\" data-e-type=\"container\" data-settings=\"{&quot;jet_parallax_layout_list&quot;:[]}\">\n\t\t\t\t<div class=\"elementor-element elementor-element-ba4b935 elementor-widget elementor-widget-heading\" data-id=\"ba4b935\" data-element_type=\"widget\" data-e-type=\"widget\" data-widget_type=\"heading.default\">\n\t\t\t\t<div class=\"elementor-widget-container\">\n\t\t\t\t\t<h2 class=\"elementor-heading-title elementor-size-default\">Arrangement \u201eGourmet-Freuden\u201c\n<\/h2>\t\t\t\t<\/div>\n\t\t\t\t<\/div>\n\t\t<div class=\"elementor-element elementor-element-c30470d e-con-full e-flex e-con e-child\" data-id=\"c30470d\" data-element_type=\"container\" data-e-type=\"container\" data-settings=\"{&quot;jet_parallax_layout_list&quot;:[]}\">\n\t\t<div class=\"elementor-element elementor-element-b885698 e-con-full e-flex e-con e-child\" data-id=\"b885698\" data-element_type=\"container\" data-e-type=\"container\" data-settings=\"{&quot;jet_parallax_layout_list&quot;:[]}\">\n\t\t\t\t<div class=\"elementor-element elementor-element-c35aeb7 elementor-widget elementor-widget-heading\" data-id=\"c35aeb7\" data-element_type=\"widget\" data-e-type=\"widget\" data-widget_type=\"heading.default\">\n\t\t\t\t<div class=\"elementor-widget-container\">\n\t\t\t\t\t<h2 class=\"elementor-heading-title elementor-size-default\">Gastronomischer Aufenthalt f\u00fcr 2 Personen<\/h2>\t\t\t\t<\/div>\n\t\t\t\t<\/div>\n\t\t\t\t<div class=\"elementor-element elementor-element-54b6905 elementor-widget elementor-widget-text-editor\" data-id=\"54b6905\" data-element_type=\"widget\" data-e-type=\"widget\" data-widget_type=\"text-editor.default\">\n\t\t\t\t<div class=\"elementor-widget-container\">\n\t\t\t\t\t\t\t\t\t<p>Zwei \u00dcbernachtungen<br>Renaissance Men\u00fc mit 4 G\u00e4ngen (ohne Getr\u00e4nke): am 1. Abend<br>Gro\u00dfes Lafarques Men\u00fc mit 5 G\u00e4ngen (ohne Getr\u00e4nke): am 2. Abend<br>Fr\u00fchst\u00fcck<br>Kurtaxe<\/p>\t\t\t\t\t\t\t\t<\/div>\n\t\t\t\t<\/div>\n\t\t\t\t<\/div>\n\t\t<div class=\"elementor-element elementor-element-2be2d1c e-con-full e-flex e-con e-child\" data-id=\"2be2d1c\" data-element_type=\"container\" data-e-type=\"container\" data-settings=\"{&quot;jet_parallax_layout_list&quot;:[]}\">\n\t\t\t\t<div class=\"elementor-element elementor-element-d309796 elementor-widget elementor-widget-heading\" data-id=\"d309796\" data-element_type=\"widget\" data-e-type=\"widget\" data-widget_type=\"heading.default\">\n\t\t\t\t<div class=\"elementor-widget-container\">\n\t\t\t\t\t<h2 class=\"elementor-heading-title elementor-size-default\">Preise:<\/h2>\t\t\t\t<\/div>\n\t\t\t\t<\/div>\n\t\t<div class=\"elementor-element elementor-element-fe4c8c0 e-con-full e-flex e-con e-child\" data-id=\"fe4c8c0\" data-element_type=\"container\" data-e-type=\"container\" data-settings=\"{&quot;jet_parallax_layout_list&quot;:[]}\">\n\t\t\t\t<div class=\"elementor-element elementor-element-64ad4a9 elementor-widget elementor-widget-heading\" data-id=\"64ad4a9\" data-element_type=\"widget\" data-e-type=\"widget\" data-widget_type=\"heading.default\">\n\t\t\t\t<div class=\"elementor-widget-container\">\n\t\t\t\t\t<h2 class=\"elementor-heading-title elementor-size-default\">Mittwoch und Donnerstag *:\n\n<\/h2>\t\t\t\t<\/div>\n\t\t\t\t<\/div>\n\t\t\t\t<div class=\"elementor-element elementor-element-e49f2ef elementor-widget elementor-widget-text-editor\" data-id=\"e49f2ef\" data-element_type=\"widget\" data-e-type=\"widget\" data-widget_type=\"text-editor.default\">\n\t\t\t\t<div class=\"elementor-widget-container\">\n\t\t\t\t\t\t\t\t\t<p>789 \u20ac im Standardzimmer<br>859 \u20ac im Deluxe-Zimmer<br>899 \u20ac in der Junior Suite<\/p>\t\t\t\t\t\t\t\t<\/div>\n\t\t\t\t<\/div>\n\t\t\t\t<\/div>\n\t\t<div class=\"elementor-element elementor-element-9929de3 e-con-full e-flex e-con e-child\" data-id=\"9929de3\" data-element_type=\"container\" data-e-type=\"container\" data-settings=\"{&quot;jet_parallax_layout_list&quot;:[]}\">\n\t\t\t\t<div class=\"elementor-element elementor-element-40cd667 elementor-widget elementor-widget-heading\" data-id=\"40cd667\" data-element_type=\"widget\" data-e-type=\"widget\" data-widget_type=\"heading.default\">\n\t\t\t\t<div class=\"elementor-widget-container\">\n\t\t\t\t\t<h2 class=\"elementor-heading-title elementor-size-default\">Freitag und Samstag:\n\n\n<\/h2>\t\t\t\t<\/div>\n\t\t\t\t<\/div>\n\t\t\t\t<div class=\"elementor-element elementor-element-a22d00f elementor-widget elementor-widget-text-editor\" data-id=\"a22d00f\" data-element_type=\"widget\" data-e-type=\"widget\" data-widget_type=\"text-editor.default\">\n\t\t\t\t<div class=\"elementor-widget-container\">\n\t\t\t\t\t\t\t\t\t<p>989 \u20ac im Standardzimmer<br>1069 \u20ac im Deluxe-Zimmer<br>1149 \u20ac in der Junior Suite<\/p>\t\t\t\t\t\t\t\t<\/div>\n\t\t\t\t<\/div>\n\t\t\t\t<\/div>\n\t\t\t\t<div class=\"elementor-element elementor-element-b1ec3ea elementor-widget elementor-widget-text-editor\" data-id=\"b1ec3ea\" data-element_type=\"widget\" data-e-type=\"widget\" data-widget_type=\"text-editor.default\">\n\t\t\t\t<div class=\"elementor-widget-container\">\n\t\t\t\t\t\t\t\t\t<p>*An Vorabenden von Feiertagen und an Feiertagen gelten die Preise von Freitag \/ Samstag.<\/p>\t\t\t\t\t\t\t\t<\/div>\n\t\t\t\t<\/div>\n\t\t\t\t<\/div>\n\t\t\t\t<\/div>\n\t\t\t\t<\/div>\n\t\t\t\t<\/div>\n\t\t\t\t<\/div>\n\t\t<div class=\"elementor-element elementor-element-4a60e9e e-con-full e-flex e-con e-parent\" data-id=\"4a60e9e\" data-element_type=\"container\" data-e-type=\"container\" data-settings=\"{&quot;jet_parallax_layout_list&quot;:[]}\">\n\t\t<div class=\"elementor-element elementor-element-6b60de5 e-con-full e-flex e-con e-child\" data-id=\"6b60de5\" data-element_type=\"container\" data-e-type=\"container\" data-settings=\"{&quot;background_background&quot;:&quot;classic&quot;,&quot;jet_parallax_layout_list&quot;:[]}\">\n\t\t\t\t<\/div>\n\t\t<div class=\"elementor-element elementor-element-3df9ea3 e-con-full e-flex e-con e-child\" data-id=\"3df9ea3\" data-element_type=\"container\" data-e-type=\"container\" data-settings=\"{&quot;background_background&quot;:&quot;classic&quot;,&quot;jet_parallax_layout_list&quot;:[]}\">\n\t\t<div class=\"elementor-element elementor-element-ba6f99d e-con-full e-flex e-con e-child\" data-id=\"ba6f99d\" data-element_type=\"container\" data-e-type=\"container\" data-settings=\"{&quot;jet_parallax_layout_list&quot;:[]}\">\n\t\t\t\t<div class=\"elementor-element elementor-element-5d8649b elementor-widget elementor-widget-heading\" data-id=\"5d8649b\" data-element_type=\"widget\" data-e-type=\"widget\" data-widget_type=\"heading.default\">\n\t\t\t\t<div class=\"elementor-widget-container\">\n\t\t\t\t\t<h2 class=\"elementor-heading-title elementor-size-default\">Arrangement \u201eWellness\u201c\n<\/h2>\t\t\t\t<\/div>\n\t\t\t\t<\/div>\n\t\t\t\t<div class=\"elementor-element elementor-element-b267d20 elementor-widget elementor-widget-heading\" data-id=\"b267d20\" data-element_type=\"widget\" data-e-type=\"widget\" data-widget_type=\"heading.default\">\n\t\t\t\t<div class=\"elementor-widget-container\">\n\t\t\t\t\t<h2 class=\"elementor-heading-title elementor-size-default\">Gastronomischer Aufenthalt f\u00fcr 2 Personen<\/h2>\t\t\t\t<\/div>\n\t\t\t\t<\/div>\n\t\t<div class=\"elementor-element elementor-element-d100366 e-con-full e-flex e-con e-child\" data-id=\"d100366\" data-element_type=\"container\" data-e-type=\"container\" data-settings=\"{&quot;jet_parallax_layout_list&quot;:[]}\">\n\t\t<div class=\"elementor-element elementor-element-c1e5789 e-con-full e-flex e-con e-child\" data-id=\"c1e5789\" data-element_type=\"container\" data-e-type=\"container\" data-settings=\"{&quot;jet_parallax_layout_list&quot;:[]}\">\n\t\t\t\t<div class=\"elementor-element elementor-element-16f9618 elementor-widget elementor-widget-text-editor\" data-id=\"16f9618\" data-element_type=\"widget\" data-e-type=\"widget\" data-widget_type=\"text-editor.default\">\n\t\t\t\t<div class=\"elementor-widget-container\">\n\t\t\t\t\t\t\t\t\t<p>Eine \u00dcbernachtung<br>Zugang zum finnischen Au\u00dfenbad f\u00fcr 1 Stunde + Glas Champagner<br>Zugang zur Sauna f\u00fcr 1 Stunde<br>Gro\u00dfes Lafarques Men\u00fc mit 5 G\u00e4ngen (ohne Getr\u00e4nke)<br>Fr\u00fchst\u00fcck<br>Kurtaxe<\/p>\t\t\t\t\t\t\t\t<\/div>\n\t\t\t\t<\/div>\n\t\t\t\t<\/div>\n\t\t<div class=\"elementor-element elementor-element-9c1ce33 e-con-full e-flex e-con e-child\" data-id=\"9c1ce33\" data-element_type=\"container\" data-e-type=\"container\" data-settings=\"{&quot;jet_parallax_layout_list&quot;:[]}\">\n\t\t\t\t<div class=\"elementor-element elementor-element-9daa902 elementor-widget elementor-widget-heading\" data-id=\"9daa902\" data-element_type=\"widget\" data-e-type=\"widget\" data-widget_type=\"heading.default\">\n\t\t\t\t<div class=\"elementor-widget-container\">\n\t\t\t\t\t<h2 class=\"elementor-heading-title elementor-size-default\">Preise:<\/h2>\t\t\t\t<\/div>\n\t\t\t\t<\/div>\n\t\t<div class=\"elementor-element elementor-element-11dc5e2 e-con-full e-flex e-con e-child\" data-id=\"11dc5e2\" data-element_type=\"container\" data-e-type=\"container\" data-settings=\"{&quot;jet_parallax_layout_list&quot;:[]}\">\n\t\t\t\t<div class=\"elementor-element elementor-element-5bed35a elementor-widget elementor-widget-heading\" data-id=\"5bed35a\" data-element_type=\"widget\" data-e-type=\"widget\" data-widget_type=\"heading.default\">\n\t\t\t\t<div class=\"elementor-widget-container\">\n\t\t\t\t\t<h2 class=\"elementor-heading-title elementor-size-default\">Von Mittwoch bis Donnerstag ODER von Donnerstag bis Freitag*:\n\n\n<\/h2>\t\t\t\t<\/div>\n\t\t\t\t<\/div>\n\t\t\t\t<div class=\"elementor-element elementor-element-4a8ed80 elementor-widget elementor-widget-text-editor\" data-id=\"4a8ed80\" data-element_type=\"widget\" data-e-type=\"widget\" data-widget_type=\"text-editor.default\">\n\t\t\t\t<div class=\"elementor-widget-container\">\n\t\t\t\t\t\t\t\t\t<p>499 \u20ac im Standardzimmer<br>539 \u20ac im Deluxe-Zimmer<br>559 \u20ac in der Junior Suite<\/p>\t\t\t\t\t\t\t\t<\/div>\n\t\t\t\t<\/div>\n\t\t\t\t<\/div>\n\t\t<div class=\"elementor-element elementor-element-3b93165 e-con-full e-flex e-con e-child\" data-id=\"3b93165\" data-element_type=\"container\" data-e-type=\"container\" data-settings=\"{&quot;jet_parallax_layout_list&quot;:[]}\">\n\t\t\t\t<div class=\"elementor-element elementor-element-023384e elementor-widget elementor-widget-heading\" data-id=\"023384e\" data-element_type=\"widget\" data-e-type=\"widget\" data-widget_type=\"heading.default\">\n\t\t\t\t<div class=\"elementor-widget-container\">\n\t\t\t\t\t<h2 class=\"elementor-heading-title elementor-size-default\">Von Freitag bis Samstag ODER von Samstag bis Sonntag:<\/h2>\t\t\t\t<\/div>\n\t\t\t\t<\/div>\n\t\t\t\t<div class=\"elementor-element elementor-element-9db6e74 elementor-widget elementor-widget-text-editor\" data-id=\"9db6e74\" data-element_type=\"widget\" data-e-type=\"widget\" data-widget_type=\"text-editor.default\">\n\t\t\t\t<div class=\"elementor-widget-container\">\n\t\t\t\t\t\t\t\t\t<p>599 \u20ac im Standardzimmer<br>639 \u20ac im Deluxe-Zimmer<br>679 \u20ac in der Junior Suite<\/p>\t\t\t\t\t\t\t\t<\/div>\n\t\t\t\t<\/div>\n\t\t\t\t<\/div>\n\t\t\t\t<div class=\"elementor-element elementor-element-3374b95 elementor-widget elementor-widget-text-editor\" data-id=\"3374b95\" data-element_type=\"widget\" data-e-type=\"widget\" data-widget_type=\"text-editor.default\">\n\t\t\t\t<div class=\"elementor-widget-container\">\n\t\t\t\t\t\t\t\t\t<p>*An Vorabenden von Feiertagen und an Feiertagen gelten die Preise von Freitag \/ Samstag.<\/p>\t\t\t\t\t\t\t\t<\/div>\n\t\t\t\t<\/div>\n\t\t\t\t<\/div>\n\t\t\t\t<\/div>\n\t\t\t\t<\/div>\n\t\t\t\t<\/div>\n\t\t\t\t<\/div>\n\t\t<div class=\"elementor-element elementor-element-cf660f8 e-flex e-con-boxed e-con e-parent\" data-id=\"cf660f8\" data-element_type=\"container\" data-e-type=\"container\" data-settings=\"{&quot;jet_parallax_layout_list&quot;:[]}\">\n\t\t\t\t\t<div class=\"e-con-inner\">\n\t\t<div class=\"elementor-element elementor-element-ec5bd25 e-con-full e-flex e-con e-child\" data-id=\"ec5bd25\" data-element_type=\"container\" data-e-type=\"container\" data-settings=\"{&quot;jet_parallax_layout_list&quot;:[]}\">\n\t\t\t\t<div class=\"elementor-element elementor-element-9806c57 elementor-widget elementor-widget-heading\" data-id=\"9806c57\" data-element_type=\"widget\" data-e-type=\"widget\" data-widget_type=\"heading.default\">\n\t\t\t\t<div class=\"elementor-widget-container\">\n\t\t\t\t\t<h2 class=\"elementor-heading-title elementor-size-default\"><br>Formel \"GOLF &amp; GASTRONOMIE\".\n<\/h2>\t\t\t\t<\/div>\n\t\t\t\t<\/div>\n\t\t\t\t<div class=\"elementor-element elementor-element-11b8d00 elementor-widget elementor-widget-heading\" data-id=\"11b8d00\" data-element_type=\"widget\" data-e-type=\"widget\" data-widget_type=\"heading.default\">\n\t\t\t\t<div class=\"elementor-widget-container\">\n\t\t\t\t\t<h2 class=\"elementor-heading-title elementor-size-default\">Gastronomischer Aufenthalt f\u00fcr 2 Personen<\/h2>\t\t\t\t<\/div>\n\t\t\t\t<\/div>\n\t\t\t\t<div class=\"elementor-element elementor-element-fdaf862 elementor-widget elementor-widget-text-editor\" data-id=\"fdaf862\" data-element_type=\"widget\" data-e-type=\"widget\" data-widget_type=\"text-editor.default\">\n\t\t\t\t<div class=\"elementor-widget-container\">\n\t\t\t\t\t\t\t\t\t<p>Eine \u00dcbernachtung<br>Greenfee-Zugang zum prestigetr\u00e4chtigen Golfplatz des Royal Golf Club des Fagnes<br>Gro\u00dfes Lafarques-Men\u00fc in 5 G\u00e4ngen (ohne Getr\u00e4nke)<br>Fr\u00fchst\u00fcck<br>Kurtaxe<\/p>\t\t\t\t\t\t\t\t<\/div>\n\t\t\t\t<\/div>\n\t\t\t\t<div class=\"elementor-element elementor-element-5d9c0a1 elementor-widget elementor-widget-heading\" data-id=\"5d9c0a1\" data-element_type=\"widget\" data-e-type=\"widget\" data-widget_type=\"heading.default\">\n\t\t\t\t<div class=\"elementor-widget-container\">\n\t\t\t\t\t<h2 class=\"elementor-heading-title elementor-size-default\">Preise:<\/h2>\t\t\t\t<\/div>\n\t\t\t\t<\/div>\n\t\t\t\t<\/div>\n\t\t<div class=\"elementor-element elementor-element-cdf5565 e-con-full e-flex e-con e-child\" data-id=\"cdf5565\" data-element_type=\"container\" data-e-type=\"container\" data-settings=\"{&quot;jet_parallax_layout_list&quot;:[]}\">\n\t\t<div class=\"elementor-element elementor-element-272036c e-con-full e-flex e-con e-child\" data-id=\"272036c\" data-element_type=\"container\" data-e-type=\"container\" data-settings=\"{&quot;background_background&quot;:&quot;classic&quot;,&quot;jet_parallax_layout_list&quot;:[]}\">\n\t\t\t\t<\/div>\n\t\t\t\t<\/div>\n\t\t\t\t\t<\/div>\n\t\t\t\t<\/div>\n\t\t<div class=\"elementor-element elementor-element-a74ebb9 e-flex e-con-boxed e-con e-parent\" data-id=\"a74ebb9\" data-element_type=\"container\" data-e-type=\"container\" data-settings=\"{&quot;jet_parallax_layout_list&quot;:[]}\">\n\t\t\t\t\t<div class=\"e-con-inner\">\n\t\t\t\t\t<\/div>\n\t\t\t\t<\/div>\n\t\t\t\t<\/div>\n\t\t","protected":false},"excerpt":{"rendered":"<p>Entdeckungs-Arrangement Entdeckungs-Arrangement Eine \u00dcbernachtungGro\u00dfes Lafarques Men\u00fc mit 5 G\u00e4ngen (ohne Getr\u00e4nke)Fr\u00fchst\u00fcckKurtaxe Preise: Von Mittwoch bis Donnerstag ODER von Donnerstag bis Freitag *: 409 \u20ac im Standardzimmer449 \u20ac im Deluxe-Zimmer469 \u20ac in der Junior Suite Von Freitag bis Samstag ODER von Samstag bis Sonntag: 509 \u20ac im Standardzimmer549 \u20ac im Deluxe-Zimmer589 \u20ac in der Junior Suite [&hellip;]<\/p>\n","protected":false},"author":1,"featured_media":0,"parent":3239,"menu_order":0,"comment_status":"closed","ping_status":"closed","template":"","meta":{"footnotes":""},"class_list":["post-2773","page","type-page","status-publish","hentry"],"_links":{"self":[{"href":"https:\/\/www.lafarques.be\/de\/wp-json\/wp\/v2\/pages\/2773","targetHints":{"allow":["GET"]}}],"collection":[{"href":"https:\/\/www.lafarques.be\/de\/wp-json\/wp\/v2\/pages"}],"about":[{"href":"https:\/\/www.lafarques.be\/de\/wp-json\/wp\/v2\/types\/page"}],"author":[{"embeddable":true,"href":"https:\/\/www.lafarques.be\/de\/wp-json\/wp\/v2\/users\/1"}],"replies":[{"embeddable":true,"href":"https:\/\/www.lafarques.be\/de\/wp-json\/wp\/v2\/comments?post=2773"}],"version-history":[{"count":8,"href":"https:\/\/www.lafarques.be\/de\/wp-json\/wp\/v2\/pages\/2773\/revisions"}],"predecessor-version":[{"id":4696,"href":"https:\/\/www.lafarques.be\/de\/wp-json\/wp\/v2\/pages\/2773\/revisions\/4696"}],"up":[{"embeddable":true,"href":"https:\/\/www.lafarques.be\/de\/wp-json\/wp\/v2\/pages\/3239"}],"wp:attachment":[{"href":"https:\/\/www.lafarques.be\/de\/wp-json\/wp\/v2\/media?parent=2773"}],"curies":[{"name":"wp","href":"https:\/\/api.w.org\/{rel}","templated":true}]}}