{"id":2833,"date":"2025-11-27T01:10:50","date_gmt":"2025-11-27T01:10:50","guid":{"rendered":"https:\/\/www.lafarques.be\/unsere-menues\/"},"modified":"2026-04-24T10:25:24","modified_gmt":"2026-04-24T10:25:24","slug":"unsere-menues","status":"publish","type":"page","link":"https:\/\/www.lafarques.be\/de\/restaurant\/unsere-menues\/","title":{"rendered":"Unsere Men\u00fcs"},"content":{"rendered":"\t\t<div data-elementor-type=\"wp-page\" data-elementor-id=\"2833\" class=\"elementor elementor-2833 elementor-1369\" data-elementor-post-type=\"page\">\n\t\t\t\t<div class=\"elementor-element elementor-element-675971d e-con-full e-flex e-con e-parent\" data-id=\"675971d\" data-element_type=\"container\" data-e-type=\"container\" data-settings=\"{&quot;jet_parallax_layout_list&quot;:[]}\">\n\t\t<div class=\"elementor-element elementor-element-9ac77dc e-con-full e-flex e-con e-child\" data-id=\"9ac77dc\" data-element_type=\"container\" data-e-type=\"container\" data-settings=\"{&quot;background_background&quot;:&quot;classic&quot;,&quot;jet_parallax_layout_list&quot;:[]}\">\n\t\t\t\t<\/div>\n\t\t<div class=\"elementor-element elementor-element-7234db1 e-con-full e-flex e-con e-child\" data-id=\"7234db1\" data-element_type=\"container\" data-e-type=\"container\" data-settings=\"{&quot;background_background&quot;:&quot;classic&quot;,&quot;jet_parallax_layout_list&quot;:[]}\">\n\t\t<div class=\"elementor-element elementor-element-cd57928 e-con-full e-flex e-con e-child\" data-id=\"cd57928\" data-element_type=\"container\" data-e-type=\"container\" data-settings=\"{&quot;jet_parallax_layout_list&quot;:[]}\">\n\t\t<div class=\"elementor-element elementor-element-826416b e-con-full e-flex e-con e-child\" data-id=\"826416b\" data-element_type=\"container\" data-e-type=\"container\" data-settings=\"{&quot;jet_parallax_layout_list&quot;:[]}\">\n\t\t\t\t<div class=\"elementor-element elementor-element-0eb93c1 elementor-widget elementor-widget-heading\" data-id=\"0eb93c1\" data-element_type=\"widget\" data-e-type=\"widget\" data-widget_type=\"heading.default\">\n\t\t\t\t<div class=\"elementor-widget-container\">\n\t\t\t\t\t<h2 class=\"elementor-heading-title elementor-size-default\">Saisonale Empfehlungen\n<\/h2>\t\t\t\t<\/div>\n\t\t\t\t<\/div>\n\t\t\t\t<div class=\"elementor-element elementor-element-6e045fc elementor-widget elementor-widget-text-editor\" data-id=\"6e045fc\" data-element_type=\"widget\" data-e-type=\"widget\" data-widget_type=\"text-editor.default\">\n\t\t\t\t<div class=\"elementor-widget-container\">\n\t\t\t\t\t\t\t\t\t<p>HU\u00ceTRE CREUSE &#8222;GILLARDEAU&#8220;<br><strong>Die Familie Gillardeau z\u00fcchtet ihre Austern in Bourcefranc, im Becken von Marennes-Ol\u00e9ron<br><\/strong>Auf Eis: 3 St\u00fcck (\u20ac 13,00) &amp; 6 St\u00fcck (\u20ac 25,00)<\/p><p>***<\/p>\t\t\t\t\t\t\t\t<\/div>\n\t\t\t\t<\/div>\n\t\t\t\t<div class=\"elementor-element elementor-element-8360a66 elementor-widget elementor-widget-text-editor\" data-id=\"8360a66\" data-element_type=\"widget\" data-e-type=\"widget\" data-widget_type=\"text-editor.default\">\n\t\t\t\t<div class=\"elementor-widget-container\">\n\t\t\t\t\t\t\t\t\t<p>ROYAL BELGIAN CAVIAR<br><strong>Seit mehr als 20 Jahren wird in der N\u00e4he von Turnhout hochwertiger und umweltfreundlicher belgischer Kaviar produziert<br><\/strong>Kartoffel Blinis &amp; &#8222;saure&#8220; Sahne<br>\u2610 30g (\u20ac75,00) \u2610 50g (\u20ac125,00) \u2610 125g (\u20ac265,00)<\/p><p>***<\/p>\t\t\t\t\t\t\t\t<\/div>\n\t\t\t\t<\/div>\n\t\t\t\t<div class=\"elementor-element elementor-element-f0c941e elementor-widget elementor-widget-text-editor\" data-id=\"f0c941e\" data-element_type=\"widget\" data-e-type=\"widget\" data-widget_type=\"text-editor.default\">\n\t\t\t\t<div class=\"elementor-widget-container\">\n\t\t\t\t\t\t\t\t\t<p>PALETA VOM IBERISCHEN SCHWEIN BELLOTA 100%<br><strong>30 Monate lang langsam gereift<br><\/strong>Arturo S\u00e1nchez, in der Region Castilla y Le\u00f3n, im Westen Spaniens (Salamanca)<br>15g (\u20ac9,00)<br><br><\/p>\t\t\t\t\t\t\t\t<\/div>\n\t\t\t\t<\/div>\n\t\t\t\t<\/div>\n\t\t<div class=\"elementor-element elementor-element-fe87cc7 e-con-full e-flex e-con e-child\" data-id=\"fe87cc7\" data-element_type=\"container\" data-e-type=\"container\" data-settings=\"{&quot;jet_parallax_layout_list&quot;:[]}\">\n\t\t\t\t<div class=\"elementor-element elementor-element-6473751 elementor-widget elementor-widget-heading\" data-id=\"6473751\" data-element_type=\"widget\" data-e-type=\"widget\" data-widget_type=\"heading.default\">\n\t\t\t\t<div class=\"elementor-widget-container\">\n\t\t\t\t\t<h2 class=\"elementor-heading-title elementor-size-default\">Men\u00fc Equilibre (Mittagessen)<\/h2>\t\t\t\t<\/div>\n\t\t\t\t<\/div>\n\t\t\t\t<div class=\"elementor-element elementor-element-f0d9c3f elementor-widget elementor-widget-text-editor\" data-id=\"f0d9c3f\" data-element_type=\"widget\" data-e-type=\"widget\" data-widget_type=\"text-editor.default\">\n\t\t\t\t<div class=\"elementor-widget-container\">\n\t\t\t\t\t\t\t\t\t<div id=\"panel-1073-0-0-0\" class=\"so-panel widget widget_lava-content-block panel-first-child\" data-index=\"0\"><div class=\"so-widget-lava-content-block so-widget-lava-content-block-default-d75171398898-1073\"><div class=\"lava-content-block\"><div class=\"row no-padding\"><div class=\"col x12 m6\"><div class=\"lava-text container-half equal-height\"><div class=\"post-content\"><p>Das Men\u00fc Equilibre besteht aus 3 G\u00e4ngen, je nach Laune des K\u00fcchenchefs.<br>Dieses ist mittags von Mittwoch bis Freitag zum Preis von 59 \u20ac\/Person erh\u00e4ltlich.<\/p><\/div><\/div><\/div><\/div><\/div><\/div><\/div><div id=\"panel-1073-0-0-1\" class=\"so-panel widget widget_lava-content-block\" data-index=\"1\"><div class=\"so-widget-lava-content-block so-widget-lava-content-block-default-d75171398898-1073\"><div class=\"lava-content-block\"><div class=\"row no-padding\"><div class=\"col x12 m6 pull-right\"><div class=\"lava-image-holder equal-height\"> <\/div><\/div><\/div><\/div><\/div><\/div>\t\t\t\t\t\t\t\t<\/div>\n\t\t\t\t<\/div>\n\t\t\t\t<\/div>\n\t\t\t\t<\/div>\n\t\t\t\t<\/div>\n\t\t\t\t<\/div>\n\t\t<div class=\"elementor-element elementor-element-9d926a5 e-con-full e-flex e-con e-parent\" data-id=\"9d926a5\" data-element_type=\"container\" data-e-type=\"container\" data-settings=\"{&quot;jet_parallax_layout_list&quot;:[]}\">\n\t\t<div class=\"elementor-element elementor-element-e7c3566 e-con-full e-flex e-con e-child\" data-id=\"e7c3566\" data-element_type=\"container\" data-e-type=\"container\" data-settings=\"{&quot;background_background&quot;:&quot;classic&quot;,&quot;jet_parallax_layout_list&quot;:[]}\">\n\t\t\t\t<\/div>\n\t\t<div class=\"elementor-element elementor-element-2c1cc2a e-con-full e-flex e-con e-child\" data-id=\"2c1cc2a\" data-element_type=\"container\" data-e-type=\"container\" data-settings=\"{&quot;background_background&quot;:&quot;classic&quot;,&quot;jet_parallax_layout_list&quot;:[]}\">\n\t\t<div class=\"elementor-element elementor-element-dbec725 e-con-full e-flex e-con e-child\" data-id=\"dbec725\" data-element_type=\"container\" data-e-type=\"container\" data-settings=\"{&quot;jet_parallax_layout_list&quot;:[]}\">\n\t\t<div class=\"elementor-element elementor-element-0094b95 e-con-full e-flex e-con e-child\" data-id=\"0094b95\" data-element_type=\"container\" data-e-type=\"container\" data-settings=\"{&quot;jet_parallax_layout_list&quot;:[]}\">\n\t\t\t\t<div class=\"elementor-element elementor-element-0abebda elementor-widget elementor-widget-heading\" data-id=\"0abebda\" data-element_type=\"widget\" data-e-type=\"widget\" data-widget_type=\"heading.default\">\n\t\t\t\t<div class=\"elementor-widget-container\">\n\t\t\t\t\t<h2 class=\"elementor-heading-title elementor-size-default\">Gro\u00dfes Lafarques-Men\u00fc<\/h2>\t\t\t\t<\/div>\n\t\t\t\t<\/div>\n\t\t\t\t<div class=\"elementor-element elementor-element-92007f3 elementor-widget elementor-widget-text-editor\" data-id=\"92007f3\" data-element_type=\"widget\" data-e-type=\"widget\" data-widget_type=\"text-editor.default\">\n\t\t\t\t<div class=\"elementor-widget-container\">\n\t\t\t\t\t\t\t\t\t<p>BAR DE L&#8217;\u00ceLE DE NOIRMOUTIER<br><strong><em>In der Vend\u00e9e, Golf de Gascogne, gefangen von den Fischern der Insel.<\/em><br><\/strong>Das Filet wird mit Tannenholz von hier mariniert<br>Begleitet von kandiertem Lauchgr\u00fcn &amp; Meeresalgen<br>Knuspriger Kohl &amp; Wildkr\u00e4uter aus Goffontaine<br>Sauce mousseline &#8222;Saint Vincent&#8220;.<br><em><strong>Als Begleitung<\/strong><strong><strong>Royal Belgian Caviar<\/strong><strong><strong>: <\/strong><strong>\u20ac<\/strong><strong>15.00<\/strong><\/strong><\/strong> <\/em><\/p><p>***<\/p><p><strong><u>Neue Saison<br><\/u><\/strong>MORCHELN IM &#8222;CH\u00c2TEAU-CHALON&#8220;<br><strong><em>Segelwein aus dem Jura, Rebsorte Savagnin, die Magie wirkt nach 6 Jahren &amp; 3 Monaten.<\/em><br><\/strong>Feine Tarte von Topinambur &amp; Pilzen aus der Abtei von Brialmont<br>Iberischer Bellota-Schinken &amp; Morcheln in der Sahne von &#8222;Ch\u00e2teau-Chalon&#8220;.<\/p><p>***<\/p><p>*<strong><u>Emblematisch<br><\/u><\/strong>MEERESSPINNE<br><em><strong>Walter Dubois bringt sie aus dem Norden der Bretagne, von Erquy bis hierher.<br><\/strong><\/em>Das zart gesch\u00e4lte Fleisch<br>Gr\u00fcner Spargel aus dem Loire-Tal &amp; Sherry-Essig-Sabayon<br>Kohlfrikassee &amp; Sauce vierge<br>Saft der K\u00f6pfe als leichte Bisque<\/p><p>***<\/p><p>*KALBSBRIES<br><strong><em>Herz aus Kalbsbries, goldbraun im Sautoir, knusprig&#8230;<\/em><br><\/strong>Franz\u00f6sische Erbsen &amp; wilder Feldsalat von der C\u00f4te de Drolenval<br>Kalbsjus &amp; Haselnussbutter<\/p><p>***<\/p><p>SAINT-PIERRE &#8222;BRETON&#8220;<br><strong>Das Filet als Nadel, <\/strong><strong>gekocht in einer Kruste aus Brioche &amp; Vieux Comt\u00e9<\/strong><br>Spargel von Stephane Longlune<br>Sauce vierge mit Meeresmessern &amp; Salicorne<\/p><p>Oder<\/p><p><strong>LAMM<\/strong>VON SISTERON<br><strong>Von einer rustikalen Rasse, die aus der Dr\u00f4me und der Provence<\/strong>stammt<strong> <br> Der R\u00fccken wird sanft gegart und dann im H\u00f6llenfeuer gebraten<\/strong><br>Violette Artischocke &amp; knusprige, lang geschmorte &#8222;Panoufles&#8220;<br>Tanninhaltiger Saft &amp; die ersten Bohnen aus den S\u00fcmpfen mit Bohnenkraut<\/p><p>***<\/p><p>VERKOSTUNG VON ROHMILCHK\u00c4SE<br>Aufpreis 17 \u20ac oder 9 \u20ac anstelle des Desserts<\/p><p>***<\/p><p>FR\u00dcHJAHRESKOLLEKTION 2026<br><strong>Les Gourmandises de Louca (Die Leckereien von Louca<\/strong>)<\/p><p><i>K\u00fcchenchef Tucki und sein Team k\u00f6nnen das Men\u00fc an Ihre Allergien &amp; besonderen Ern\u00e4hrungsweisen anpassen<\/i><\/p>\t\t\t\t\t\t\t\t<\/div>\n\t\t\t\t<\/div>\n\t\t\t\t<\/div>\n\t\t<div class=\"elementor-element elementor-element-8692f7f e-con-full e-flex e-con e-child\" data-id=\"8692f7f\" data-element_type=\"container\" data-e-type=\"container\" data-settings=\"{&quot;jet_parallax_layout_list&quot;:[]}\">\n\t\t\t\t<div class=\"elementor-element elementor-element-9bb71b2 elementor-widget elementor-widget-text-editor\" data-id=\"9bb71b2\" data-element_type=\"widget\" data-e-type=\"widget\" data-widget_type=\"text-editor.default\">\n\t\t\t\t<div class=\"elementor-widget-container\">\n\t\t\t\t\t\t\t\t\t<div id=\"panel-1073-0-0-0\" class=\"so-panel widget widget_lava-content-block panel-first-child\" data-index=\"0\"><div class=\"so-widget-lava-content-block so-widget-lava-content-block-default-d75171398898-1073\"><div class=\"lava-content-block\"><div class=\"row no-padding\"><div class=\"col x12 m6\"><div class=\"lava-text container-half equal-height\"><div class=\"post-content\"><p><strong>*Gro\u00dfes Men\u00fc Lafarques 5 G\u00e4nge: \u20ac 118,00\/Person<br>Weinauswahl: \u20ac 58,00\/Person<\/strong><\/p><p><strong>*Gro\u00dfes Men\u00fc Lafarques 6 G\u00e4nge: \u20ac 130,00\/Person<br>Weinauswahl: \u20ac 68,00\/Person<\/strong><\/p><\/div><\/div><\/div><\/div><\/div><\/div><\/div>\t\t\t\t\t\t\t\t<\/div>\n\t\t\t\t<\/div>\n\t\t\t\t<\/div>\n\t\t\t\t<\/div>\n\t\t\t\t<\/div>\n\t\t\t\t<\/div>\n\t\t<div class=\"elementor-element elementor-element-af1f054 e-con-full e-flex e-con e-parent\" data-id=\"af1f054\" data-element_type=\"container\" data-e-type=\"container\" data-settings=\"{&quot;jet_parallax_layout_list&quot;:[]}\">\n\t\t<div class=\"elementor-element elementor-element-14ab590 e-con-full e-flex e-con e-child\" data-id=\"14ab590\" data-element_type=\"container\" data-e-type=\"container\" data-settings=\"{&quot;background_background&quot;:&quot;classic&quot;,&quot;jet_parallax_layout_list&quot;:[]}\">\n\t\t\t\t<\/div>\n\t\t<div class=\"elementor-element elementor-element-d3f4aed e-con-full e-flex e-con e-child\" data-id=\"d3f4aed\" data-element_type=\"container\" data-e-type=\"container\" data-settings=\"{&quot;background_background&quot;:&quot;classic&quot;,&quot;jet_parallax_layout_list&quot;:[]}\">\n\t\t<div class=\"elementor-element elementor-element-39ff5e5 e-con-full e-flex e-con e-child\" data-id=\"39ff5e5\" data-element_type=\"container\" data-e-type=\"container\" data-settings=\"{&quot;jet_parallax_layout_list&quot;:[]}\">\n\t\t\t\t<div class=\"elementor-element elementor-element-ea20dae elementor-widget elementor-widget-heading\" data-id=\"ea20dae\" data-element_type=\"widget\" data-e-type=\"widget\" data-widget_type=\"heading.default\">\n\t\t\t\t<div class=\"elementor-widget-container\">\n\t\t\t\t\t<h2 class=\"elementor-heading-title elementor-size-default\">Men\u00fc Renaissance<\/h2>\t\t\t\t<\/div>\n\t\t\t\t<\/div>\n\t\t\t\t<div class=\"elementor-element elementor-element-01cc3fa elementor-widget elementor-widget-text-editor\" data-id=\"01cc3fa\" data-element_type=\"widget\" data-e-type=\"widget\" data-widget_type=\"text-editor.default\">\n\t\t\t\t<div class=\"elementor-widget-container\">\n\t\t\t\t\t\t\t\t\t<p><em>Dieses Men\u00fc wird mittwochs, donnerstags, freitags mittags und sonntags mittags angeboten<\/em><\/p>\n<p>BAR DE L&#8217;\u00ceLE DE NOIRMOUTIER<br><strong><em>In der Vend\u00e9e, Golf de Gascogne, gefangen von den Fischern der Insel.<\/em><br><\/strong>Das Filet wird mit Tannenholz von hier mariniert<br>Begleitet von kandiertem Lauchgr\u00fcn &amp; Meeresalgen<br>Knuspriger Kohl &amp; Wildkr\u00e4uter aus Goffontaine<br>Sauce mousseline &#8222;Saint Vincent&#8220;.<br><em><strong>Als Begleitung<\/strong><strong><strong>Royal Belgian Caviar<\/strong><strong><strong>: <\/strong><strong>\u20ac<\/strong><strong>15.00<\/strong><\/strong><\/strong> <\/em><\/p>\n<p>***<\/p>\n<p><strong><u>Neue Saison<br><\/u><\/strong>MORCHELN IM &#8222;CH\u00c2TEAU-CHALON&#8220;<br><strong><em>Segelwein aus dem Jura, Rebsorte Savagnin, die Magie wirkt nach 6 Jahren &amp; 3 Monaten.<\/em><br><\/strong>Feine Tarte von Topinambur &amp; Pilzen aus der Abtei von Brialmont<br>Iberischer Bellota-Schinken &amp; Morcheln in der Sahne von &#8222;Ch\u00e2teau-Chalon&#8220;.<\/p>\n<p>***<\/p>\n<p>SAINT-PIERRE &#8222;BRETON&#8220;<br><strong>Das Filet als Nadel, <\/strong><strong>gekocht in einer Kruste aus Brioche &amp; Vieux Comt\u00e9<\/strong><br>Spargel von Stephane Longlune<br>Sauce vierge mit Meeresmessern &amp; Salicorne<\/p>\n<p>Oder<\/p>\n<p><strong>LAMM<\/strong>VON SISTERON<br><strong>Von einer rustikalen Rasse, die aus der Dr\u00f4me und der Provence<\/strong>stammt<strong> <br> Der R\u00fccken wird sanft gegart und dann im H\u00f6llenfeuer gebraten<\/strong><br>Violette Artischocke &amp; knusprige, lang geschmorte &#8222;Panoufles&#8220;<br>Tanninhaltiger Saft &amp; die ersten Bohnen aus den S\u00fcmpfen mit Bohnenkraut<\/p>\n<p>***<\/p>\n<p>VERKOSTUNG VON ROHMILCHK\u00c4SE<br>Aufpreis 17 \u20ac oder 9 \u20ac anstelle des Desserts<\/p>\n<p>***<\/p>\n<p>FR\u00dcHJAHRESKOLLEKTION 2026<br><strong>Les Gourmandises de Louca (Die Leckereien von Louca<\/strong>)<\/p>\n<p><em>K\u00fcchenchef Tucki und sein Team k\u00f6nnen das Men\u00fc an Ihre Allergien &amp; besonderen Ern\u00e4hrungsweisen anpassen<\/em><\/p>\t\t\t\t\t\t\t\t<\/div>\n\t\t\t\t<\/div>\n\t\t\t\t<div class=\"elementor-element elementor-element-94f361d elementor-widget elementor-widget-text-editor\" data-id=\"94f361d\" data-element_type=\"widget\" data-e-type=\"widget\" data-widget_type=\"text-editor.default\">\n\t\t\t\t<div class=\"elementor-widget-container\">\n\t\t\t\t\t\t\t\t\t<p><strong>Men\u00fc Renaissance 4 G\u00e4nge: \u20ac 104,00\/Person<br>Weinauswahl: \u20ac 48,00\/Person<\/strong><\/p>\t\t\t\t\t\t\t\t<\/div>\n\t\t\t\t<\/div>\n\t\t\t\t<\/div>\n\t\t\t\t<\/div>\n\t\t\t\t<\/div>\n\t\t\t\t<\/div>\n\t\t","protected":false},"excerpt":{"rendered":"<p>Saisonale Empfehlungen HU\u00ceTRE CREUSE &#8222;GILLARDEAU&#8220;Die Familie Gillardeau z\u00fcchtet ihre Austern in Bourcefranc, im Becken von Marennes-Ol\u00e9ronAuf Eis: 3 St\u00fcck (\u20ac 13,00) &amp; 6 St\u00fcck (\u20ac 25,00) *** ROYAL BELGIAN CAVIARSeit mehr als 20 Jahren wird in der N\u00e4he von Turnhout hochwertiger und umweltfreundlicher belgischer Kaviar produziertKartoffel Blinis &amp; &#8222;saure&#8220; Sahne\u2610 30g (\u20ac75,00) \u2610 50g (\u20ac125,00) [&hellip;]<\/p>\n","protected":false},"author":1,"featured_media":0,"parent":3239,"menu_order":0,"comment_status":"closed","ping_status":"closed","template":"","meta":{"footnotes":""},"class_list":["post-2833","page","type-page","status-publish","hentry"],"_links":{"self":[{"href":"https:\/\/www.lafarques.be\/de\/wp-json\/wp\/v2\/pages\/2833","targetHints":{"allow":["GET"]}}],"collection":[{"href":"https:\/\/www.lafarques.be\/de\/wp-json\/wp\/v2\/pages"}],"about":[{"href":"https:\/\/www.lafarques.be\/de\/wp-json\/wp\/v2\/types\/page"}],"author":[{"embeddable":true,"href":"https:\/\/www.lafarques.be\/de\/wp-json\/wp\/v2\/users\/1"}],"replies":[{"embeddable":true,"href":"https:\/\/www.lafarques.be\/de\/wp-json\/wp\/v2\/comments?post=2833"}],"version-history":[{"count":40,"href":"https:\/\/www.lafarques.be\/de\/wp-json\/wp\/v2\/pages\/2833\/revisions"}],"predecessor-version":[{"id":4736,"href":"https:\/\/www.lafarques.be\/de\/wp-json\/wp\/v2\/pages\/2833\/revisions\/4736"}],"up":[{"embeddable":true,"href":"https:\/\/www.lafarques.be\/de\/wp-json\/wp\/v2\/pages\/3239"}],"wp:attachment":[{"href":"https:\/\/www.lafarques.be\/de\/wp-json\/wp\/v2\/media?parent=2833"}],"curies":[{"name":"wp","href":"https:\/\/api.w.org\/{rel}","templated":true}]}}