{"id":2869,"date":"2025-11-27T00:25:28","date_gmt":"2025-11-27T00:25:28","guid":{"rendered":"https:\/\/www.lafarques.be\/in-der-umgebung\/durbuy\/"},"modified":"2026-03-11T21:35:38","modified_gmt":"2026-03-11T21:35:38","slug":"durbuy","status":"publish","type":"page","link":"https:\/\/www.lafarques.be\/de\/praesentation\/in-der-umgebung\/durbuy\/","title":{"rendered":"Durbuy"},"content":{"rendered":"\t\t<div data-elementor-type=\"wp-page\" data-elementor-id=\"2869\" class=\"elementor elementor-2869 elementor-1286\" data-elementor-post-type=\"page\">\n\t\t\t\t<div class=\"elementor-element elementor-element-07d82c4 e-con-full e-flex e-con e-parent\" data-id=\"07d82c4\" data-element_type=\"container\" data-e-type=\"container\" data-settings=\"{&quot;jet_parallax_layout_list&quot;:[]}\">\n\t\t<div class=\"elementor-element elementor-element-cb218de e-con-full e-flex e-con e-child\" data-id=\"cb218de\" data-element_type=\"container\" data-e-type=\"container\" data-settings=\"{&quot;background_background&quot;:&quot;classic&quot;,&quot;jet_parallax_layout_list&quot;:[]}\">\n\t\t\t\t<\/div>\n\t\t<div class=\"elementor-element elementor-element-db36982 e-con-full e-flex e-con e-child\" data-id=\"db36982\" data-element_type=\"container\" data-e-type=\"container\" data-settings=\"{&quot;background_background&quot;:&quot;classic&quot;,&quot;jet_parallax_layout_list&quot;:[]}\">\n\t\t<div class=\"elementor-element elementor-element-b6476a8 e-con-full e-flex e-con e-child\" data-id=\"b6476a8\" data-element_type=\"container\" data-e-type=\"container\" data-settings=\"{&quot;jet_parallax_layout_list&quot;:[]}\">\n\t\t\t\t<div class=\"elementor-element elementor-element-01e8a22 elementor-widget elementor-widget-heading\" data-id=\"01e8a22\" data-element_type=\"widget\" data-e-type=\"widget\" data-widget_type=\"heading.default\">\n\t\t\t\t<div class=\"elementor-widget-container\">\n\t\t\t\t\t<h2 class=\"elementor-heading-title elementor-size-default\">Durbuy \u2013 Barvaux-sur-Ourthe\n<\/h2>\t\t\t\t<\/div>\n\t\t\t\t<\/div>\n\t\t\t\t<div class=\"elementor-element elementor-element-05e7584 elementor-widget elementor-widget-text-editor\" data-id=\"05e7584\" data-element_type=\"widget\" data-e-type=\"widget\" data-widget_type=\"text-editor.default\">\n\t\t\t\t<div class=\"elementor-widget-container\">\n\t\t\t\t\t\t\t\t\t<p>Durbuy ist eine Stadt, die architektonisches Erbe, Naturerbe, Aktivit\u00e4ten, lokale Produkte, Attraktionen und Sport vereint.<\/p>\t\t\t\t\t\t\t\t<\/div>\n\t\t\t\t<\/div>\n\t\t\t\t<\/div>\n\t\t\t\t<\/div>\n\t\t\t\t<\/div>\n\t\t<div class=\"elementor-element elementor-element-0b07bfc e-con-full e-flex e-con e-parent\" data-id=\"0b07bfc\" data-element_type=\"container\" data-e-type=\"container\" data-settings=\"{&quot;jet_parallax_layout_list&quot;:[]}\">\n\t\t<div class=\"elementor-element elementor-element-eae98f1 e-con-full e-flex e-con e-child\" data-id=\"eae98f1\" data-element_type=\"container\" data-e-type=\"container\" data-settings=\"{&quot;background_background&quot;:&quot;classic&quot;,&quot;jet_parallax_layout_list&quot;:[]}\">\n\t\t\t\t<\/div>\n\t\t<div class=\"elementor-element elementor-element-6d9dcf1 e-con-full e-flex e-con e-child\" data-id=\"6d9dcf1\" data-element_type=\"container\" data-e-type=\"container\" data-settings=\"{&quot;background_background&quot;:&quot;classic&quot;,&quot;jet_parallax_layout_list&quot;:[]}\">\n\t\t<div class=\"elementor-element elementor-element-7855cc1 e-con-full e-flex e-con e-child\" data-id=\"7855cc1\" data-element_type=\"container\" data-e-type=\"container\" data-settings=\"{&quot;jet_parallax_layout_list&quot;:[]}\">\n\t\t\t\t<div class=\"elementor-element elementor-element-80870a0 elementor-widget elementor-widget-heading\" data-id=\"80870a0\" data-element_type=\"widget\" data-e-type=\"widget\" data-widget_type=\"heading.default\">\n\t\t\t\t<div class=\"elementor-widget-container\">\n\t\t\t\t\t<h2 class=\"elementor-heading-title elementor-size-default\">Aktivit\u00e4ten in Durbuy\n<\/h2>\t\t\t\t<\/div>\n\t\t\t\t<\/div>\n\t\t\t\t<div class=\"elementor-element elementor-element-975f0ff elementor-widget elementor-widget-text-editor\" data-id=\"975f0ff\" data-element_type=\"widget\" data-e-type=\"widget\" data-widget_type=\"text-editor.default\">\n\t\t\t\t<div class=\"elementor-widget-container\">\n\t\t\t\t\t\t\t\t\t<p>Naturliebhaber k\u00f6nnen den Blick auf die Antiklinale, den Aussichtspunkt von Durbuy, den Topiariengarten, die alte Buche usw. genie\u00dfen. Wer das architektonische Erbe bevorzugt, kann die alte Bannm\u00fchle, das Schloss der Grafen von Ursel oder die alte Zehntscheune bzw. Getreidehalle bewundern.<\/p><p>Besucher k\u00f6nnen sich auch im Minigolf auf dem Gel\u00e4nde der Antiklinale und im Billard auf dem Freizeitgel\u00e4nde Pit-Pat versuchen. Der Golf Blue Green bietet seinen Anh\u00e4ngern ein h\u00fcgeliges und bewaldetes Gel\u00e4nde, wo jeder auf seine Kosten kommt.<\/p><p>Das ber\u00fchmte Labyrinth in Barvaux-sur-Ourthe empf\u00e4ngt die ganze Familie zu einem unterhaltsamen Nachmittag rund um sein j\u00e4hrliches Thema. Es ist alles daf\u00fcr vorgesehen, dass jeder Spa\u00df hat: ein Labyrinth f\u00fcr Kinder, ein dunkles Labyrinth, ein riesiges Maislabyrinth mit Animationen usw.<\/p><p>Spazierg\u00e4nger finden Wanderwege von 1,2 km bis 14 km L\u00e4nge in einer Waldlandschaft. Vorsicht jedoch w\u00e4hrend der Jagdzeit.<\/p><p>Abenteuerlustige Adrenalin-J\u00e4ger k\u00f6nnen die Einrichtungen von Durbuy Adventure nutzen. Klettern, ein Hindernisparcours, Abseilen, ein Death-Ride, eine Via Ferrata, ein Challenger-Parcours usw. wurden zu ihrem gr\u00f6\u00dften Vergn\u00fcgen eingerichtet. Besucher k\u00f6nnen auch an vielen anderen Aktivit\u00e4ten wie Kanufahren, Rafting, Quadfahren, Mountainbiken, Bogenschie\u00dfen usw. teilnehmen.<\/p><p>Nach einer Kutschfahrt durch das mittelalterliche Stadtzentrum ist ein Besuch der Konfit\u00fcrenmanufaktur Saint-Amour ein Muss. Diese f\u00fcr Durbuy typische Manufaktur bietet Gelees, Konfit\u00fcren, Essige und medizinische Produkte an, die alle handwerklich hergestellt werden!<\/p>\t\t\t\t\t\t\t\t<\/div>\n\t\t\t\t<\/div>\n\t\t\t\t<\/div>\n\t\t\t\t<\/div>\n\t\t\t\t<\/div>\n\t\t<div class=\"elementor-element elementor-element-b8b91ff e-con-full e-flex e-con e-parent\" data-id=\"b8b91ff\" data-element_type=\"container\" data-e-type=\"container\" data-settings=\"{&quot;jet_parallax_layout_list&quot;:[]}\">\n\t\t<div class=\"elementor-element elementor-element-dc2fe05 e-con-full e-flex e-con e-child\" data-id=\"dc2fe05\" data-element_type=\"container\" data-e-type=\"container\" data-settings=\"{&quot;background_background&quot;:&quot;classic&quot;,&quot;jet_parallax_layout_list&quot;:[]}\">\n\t\t\t\t<\/div>\n\t\t<div class=\"elementor-element elementor-element-96e247e e-con-full e-flex e-con e-child\" data-id=\"96e247e\" data-element_type=\"container\" data-e-type=\"container\" data-settings=\"{&quot;background_background&quot;:&quot;classic&quot;,&quot;jet_parallax_layout_list&quot;:[]}\">\n\t\t<div class=\"elementor-element elementor-element-fe91f96 e-con-full e-flex e-con e-child\" data-id=\"fe91f96\" data-element_type=\"container\" data-e-type=\"container\" data-settings=\"{&quot;jet_parallax_layout_list&quot;:[]}\">\n\t\t\t\t<div class=\"elementor-element elementor-element-2b22a68 elementor-widget elementor-widget-heading\" data-id=\"2b22a68\" data-element_type=\"widget\" data-e-type=\"widget\" data-widget_type=\"heading.default\">\n\t\t\t\t<div class=\"elementor-widget-container\">\n\t\t\t\t\t<h2 class=\"elementor-heading-title elementor-size-default\">Kontaktdaten<\/h2>\t\t\t\t<\/div>\n\t\t\t\t<\/div>\n\t\t\t\t<div class=\"elementor-element elementor-element-46ba392 elementor-widget elementor-widget-heading\" data-id=\"46ba392\" data-element_type=\"widget\" data-e-type=\"widget\" data-widget_type=\"heading.default\">\n\t\t\t\t<div class=\"elementor-widget-container\">\n\t\t\t\t\t<h2 class=\"elementor-heading-title elementor-size-default\">Anreise nach Durbuy vom Hotel Lafarques aus:\n<\/h2>\t\t\t\t<\/div>\n\t\t\t\t<\/div>\n\t\t<div class=\"elementor-element elementor-element-e3f6911 e-con-full e-flex e-con e-child\" data-id=\"e3f6911\" data-element_type=\"container\" data-e-type=\"container\" data-settings=\"{&quot;jet_parallax_layout_list&quot;:[]}\">\n\t\t\t\t<div class=\"elementor-element elementor-element-5213f5e elementor-widget elementor-widget-text-editor\" data-id=\"5213f5e\" data-element_type=\"widget\" data-e-type=\"widget\" data-widget_type=\"text-editor.default\">\n\t\t\t\t<div class=\"elementor-widget-container\">\n\t\t\t\t\t\t\t\t\t<p>Mit dem Auto<\/p>\t\t\t\t\t\t\t\t<\/div>\n\t\t\t\t<\/div>\n\t\t\t\t<div class=\"elementor-element elementor-element-ff92f09 elementor-icon-list--layout-traditional elementor-list-item-link-full_width elementor-widget elementor-widget-icon-list\" data-id=\"ff92f09\" data-element_type=\"widget\" data-e-type=\"widget\" data-widget_type=\"icon-list.default\">\n\t\t\t\t<div class=\"elementor-widget-container\">\n\t\t\t\t\t\t\t<ul class=\"elementor-icon-list-items\">\n\t\t\t\t\t\t\t<li class=\"elementor-icon-list-item\">\n\t\t\t\t\t\t\t\t\t\t\t<span class=\"elementor-icon-list-icon\">\n\t\t\t\t\t\t\t<svg aria-hidden=\"true\" class=\"e-font-icon-svg e-far-clock\" viewBox=\"0 0 512 512\" xmlns=\"http:\/\/www.w3.org\/2000\/svg\"><path d=\"M256 8C119 8 8 119 8 256s111 248 248 248 248-111 248-248S393 8 256 8zm0 448c-110.5 0-200-89.5-200-200S145.5 56 256 56s200 89.5 200 200-89.5 200-200 200zm61.8-104.4l-84.9-61.7c-3.1-2.3-4.9-5.9-4.9-9.7V116c0-6.6 5.4-12 12-12h32c6.6 0 12 5.4 12 12v141.7l66.8 48.6c5.4 3.9 6.5 11.4 2.6 16.8L334.6 349c-3.9 5.3-11.4 6.5-16.8 2.6z\"><\/path><\/svg>\t\t\t\t\t\t<\/span>\n\t\t\t\t\t\t\t\t\t\t<span class=\"elementor-icon-list-text\">44,6 km \u2013 40 Minuten<\/span>\n\t\t\t\t\t\t\t\t\t<\/li>\n\t\t\t\t\t\t<\/ul>\n\t\t\t\t\t\t<\/div>\n\t\t\t\t<\/div>\n\t\t\t\t<\/div>\n\t\t<div class=\"elementor-element elementor-element-206dad1 e-con-full e-flex e-con e-child\" data-id=\"206dad1\" data-element_type=\"container\" data-e-type=\"container\" data-settings=\"{&quot;jet_parallax_layout_list&quot;:[]}\">\n\t\t\t\t<div class=\"elementor-element elementor-element-2fb769e elementor-widget elementor-widget-text-editor\" data-id=\"2fb769e\" data-element_type=\"widget\" data-e-type=\"widget\" data-widget_type=\"text-editor.default\">\n\t\t\t\t<div class=\"elementor-widget-container\">\n\t\t\t\t\t\t\t\t\t<p>Mit dem Zug<\/p>\t\t\t\t\t\t\t\t<\/div>\n\t\t\t\t<\/div>\n\t\t\t\t<div class=\"elementor-element elementor-element-24e24c5 elementor-icon-list--layout-traditional elementor-list-item-link-full_width elementor-widget elementor-widget-icon-list\" data-id=\"24e24c5\" data-element_type=\"widget\" data-e-type=\"widget\" data-widget_type=\"icon-list.default\">\n\t\t\t\t<div class=\"elementor-widget-container\">\n\t\t\t\t\t\t\t<ul class=\"elementor-icon-list-items\">\n\t\t\t\t\t\t\t<li class=\"elementor-icon-list-item\">\n\t\t\t\t\t\t\t\t\t\t\t<span class=\"elementor-icon-list-icon\">\n\t\t\t\t\t\t\t<svg aria-hidden=\"true\" class=\"e-font-icon-svg e-fas-train\" viewBox=\"0 0 448 512\" xmlns=\"http:\/\/www.w3.org\/2000\/svg\"><path d=\"M448 96v256c0 51.815-61.624 96-130.022 96l62.98 49.721C386.905 502.417 383.562 512 376 512H72c-7.578 0-10.892-9.594-4.957-14.279L130.022 448C61.82 448 0 403.954 0 352V96C0 42.981 64 0 128 0h192c65 0 128 42.981 128 96zm-48 136V120c0-13.255-10.745-24-24-24H72c-13.255 0-24 10.745-24 24v112c0 13.255 10.745 24 24 24h304c13.255 0 24-10.745 24-24zm-176 64c-30.928 0-56 25.072-56 56s25.072 56 56 56 56-25.072 56-56-25.072-56-56-56z\"><\/path><\/svg>\t\t\t\t\t\t<\/span>\n\t\t\t\t\t\t\t\t\t\t<span class=\"elementor-icon-list-text\">Nach Barvaux-sur-Ourthe: Zug bis Angleur, dann Zug nach Marloie. Nach Durbuy: Fahrt bis Barvaux-sur-Ourthe, zu Fu\u00df zur Bushaltestelle \u201eStation Fina\u201c, dann Buslinie 99 \u201eOcquier \u2013 Durbuy \u2013 Barvaux \u2013 Bomal\u201c Richtung Warz\u00e9e nehmen.<\/span>\n\t\t\t\t\t\t\t\t\t<\/li>\n\t\t\t\t\t\t<\/ul>\n\t\t\t\t\t\t<\/div>\n\t\t\t\t<\/div>\n\t\t\t\t<\/div>\n\t\t<div class=\"elementor-element elementor-element-0078f81 e-con-full e-flex e-con e-child\" data-id=\"0078f81\" data-element_type=\"container\" data-e-type=\"container\" data-settings=\"{&quot;jet_parallax_layout_list&quot;:[]}\">\n\t\t\t\t<div class=\"elementor-element elementor-element-abed6d1 elementor-widget elementor-widget-text-editor\" data-id=\"abed6d1\" data-element_type=\"widget\" data-e-type=\"widget\" data-widget_type=\"text-editor.default\">\n\t\t\t\t<div class=\"elementor-widget-container\">\n\t\t\t\t\t\t\t\t\t<p>Kontakte<\/p>\t\t\t\t\t\t\t\t<\/div>\n\t\t\t\t<\/div>\n\t\t\t\t<div class=\"elementor-element elementor-element-9380c47 elementor-icon-list--layout-traditional elementor-list-item-link-full_width elementor-widget elementor-widget-icon-list\" data-id=\"9380c47\" data-element_type=\"widget\" data-e-type=\"widget\" data-widget_type=\"icon-list.default\">\n\t\t\t\t<div class=\"elementor-widget-container\">\n\t\t\t\t\t\t\t<ul class=\"elementor-icon-list-items\">\n\t\t\t\t\t\t\t<li class=\"elementor-icon-list-item\">\n\t\t\t\t\t\t\t\t\t\t\t<a href=\"mailto:tourisme@durbuy.be\">\n\n\t\t\t\t\t\t\t\t\t\t\t\t<span class=\"elementor-icon-list-icon\">\n\t\t\t\t\t\t\t<svg aria-hidden=\"true\" class=\"e-font-icon-svg e-far-envelope\" viewBox=\"0 0 512 512\" xmlns=\"http:\/\/www.w3.org\/2000\/svg\"><path d=\"M464 64H48C21.49 64 0 85.49 0 112v288c0 26.51 21.49 48 48 48h416c26.51 0 48-21.49 48-48V112c0-26.51-21.49-48-48-48zm0 48v40.805c-22.422 18.259-58.168 46.651-134.587 106.49-16.841 13.247-50.201 45.072-73.413 44.701-23.208.375-56.579-31.459-73.413-44.701C106.18 199.465 70.425 171.067 48 152.805V112h416zM48 400V214.398c22.914 18.251 55.409 43.862 104.938 82.646 21.857 17.205 60.134 55.186 103.062 54.955 42.717.231 80.509-37.199 103.053-54.947 49.528-38.783 82.032-64.401 104.947-82.653V400H48z\"><\/path><\/svg>\t\t\t\t\t\t<\/span>\n\t\t\t\t\t\t\t\t\t\t<span class=\"elementor-icon-list-text\">tourisme@durbuy.be<\/span>\n\t\t\t\t\t\t\t\t\t\t\t<\/a>\n\t\t\t\t\t\t\t\t\t<\/li>\n\t\t\t\t\t\t\t\t<li class=\"elementor-icon-list-item\">\n\t\t\t\t\t\t\t\t\t\t\t<a href=\"tel:+32(0)86%20219%20868\">\n\n\t\t\t\t\t\t\t\t\t\t\t\t<span class=\"elementor-icon-list-icon\">\n\t\t\t\t\t\t\t<svg aria-hidden=\"true\" class=\"e-font-icon-svg e-fas-phone-alt\" viewBox=\"0 0 512 512\" xmlns=\"http:\/\/www.w3.org\/2000\/svg\"><path d=\"M497.39 361.8l-112-48a24 24 0 0 0-28 6.9l-49.6 60.6A370.66 370.66 0 0 1 130.6 204.11l60.6-49.6a23.94 23.94 0 0 0 6.9-28l-48-112A24.16 24.16 0 0 0 122.6.61l-104 24A24 24 0 0 0 0 48c0 256.5 207.9 464 464 464a24 24 0 0 0 23.4-18.6l24-104a24.29 24.29 0 0 0-14.01-27.6z\"><\/path><\/svg>\t\t\t\t\t\t<\/span>\n\t\t\t\t\t\t\t\t\t\t<span class=\"elementor-icon-list-text\">+32(0)86 219 868<\/span>\n\t\t\t\t\t\t\t\t\t\t\t<\/a>\n\t\t\t\t\t\t\t\t\t<\/li>\n\t\t\t\t\t\t\t\t<li class=\"elementor-icon-list-item\">\n\t\t\t\t\t\t\t\t\t\t\t<a href=\"http:\/\/www.durbuy.be\">\n\n\t\t\t\t\t\t\t\t\t\t\t\t<span class=\"elementor-icon-list-icon\">\n\t\t\t\t\t\t\t<svg aria-hidden=\"true\" class=\"e-font-icon-svg e-fas-globe\" viewBox=\"0 0 496 512\" xmlns=\"http:\/\/www.w3.org\/2000\/svg\"><path d=\"M336.5 160C322 70.7 287.8 8 248 8s-74 62.7-88.5 152h177zM152 256c0 22.2 1.2 43.5 3.3 64h185.3c2.1-20.5 3.3-41.8 3.3-64s-1.2-43.5-3.3-64H155.3c-2.1 20.5-3.3 41.8-3.3 64zm324.7-96c-28.6-67.9-86.5-120.4-158-141.6 24.4 33.8 41.2 84.7 50 141.6h108zM177.2 18.4C105.8 39.6 47.8 92.1 19.3 160h108c8.7-56.9 25.5-107.8 49.9-141.6zM487.4 192H372.7c2.1 21 3.3 42.5 3.3 64s-1.2 43-3.3 64h114.6c5.5-20.5 8.6-41.8 8.6-64s-3.1-43.5-8.5-64zM120 256c0-21.5 1.2-43 3.3-64H8.6C3.2 212.5 0 233.8 0 256s3.2 43.5 8.6 64h114.6c-2-21-3.2-42.5-3.2-64zm39.5 96c14.5 89.3 48.7 152 88.5 152s74-62.7 88.5-152h-177zm159.3 141.6c71.4-21.2 129.4-73.7 158-141.6h-108c-8.8 56.9-25.6 107.8-50 141.6zM19.3 352c28.6 67.9 86.5 120.4 158 141.6-24.4-33.8-41.2-84.7-50-141.6h-108z\"><\/path><\/svg>\t\t\t\t\t\t<\/span>\n\t\t\t\t\t\t\t\t\t\t<span class=\"elementor-icon-list-text\">www.durbuy.be<\/span>\n\t\t\t\t\t\t\t\t\t\t\t<\/a>\n\t\t\t\t\t\t\t\t\t<\/li>\n\t\t\t\t\t\t<\/ul>\n\t\t\t\t\t\t<\/div>\n\t\t\t\t<\/div>\n\t\t\t\t<\/div>\n\t\t\t\t<\/div>\n\t\t\t\t<\/div>\n\t\t\t\t<\/div>\n\t\t\t\t<\/div>\n\t\t","protected":false},"excerpt":{"rendered":"<p>Durbuy \u2013 Barvaux-sur-Ourthe Durbuy ist eine Stadt, die architektonisches Erbe, Naturerbe, Aktivit\u00e4ten, lokale Produkte, Attraktionen und Sport vereint. Aktivit\u00e4ten in Durbuy Naturliebhaber k\u00f6nnen den Blick auf die Antiklinale, den Aussichtspunkt von Durbuy, den Topiariengarten, die alte Buche usw. genie\u00dfen. Wer das architektonische Erbe bevorzugt, kann die alte Bannm\u00fchle, das Schloss der Grafen von Ursel oder [&hellip;]<\/p>\n","protected":false},"author":1,"featured_media":0,"parent":2840,"menu_order":0,"comment_status":"closed","ping_status":"closed","template":"","meta":{"footnotes":""},"class_list":["post-2869","page","type-page","status-publish","hentry"],"_links":{"self":[{"href":"https:\/\/www.lafarques.be\/de\/wp-json\/wp\/v2\/pages\/2869","targetHints":{"allow":["GET"]}}],"collection":[{"href":"https:\/\/www.lafarques.be\/de\/wp-json\/wp\/v2\/pages"}],"about":[{"href":"https:\/\/www.lafarques.be\/de\/wp-json\/wp\/v2\/types\/page"}],"author":[{"embeddable":true,"href":"https:\/\/www.lafarques.be\/de\/wp-json\/wp\/v2\/users\/1"}],"replies":[{"embeddable":true,"href":"https:\/\/www.lafarques.be\/de\/wp-json\/wp\/v2\/comments?post=2869"}],"version-history":[{"count":1,"href":"https:\/\/www.lafarques.be\/de\/wp-json\/wp\/v2\/pages\/2869\/revisions"}],"predecessor-version":[{"id":2876,"href":"https:\/\/www.lafarques.be\/de\/wp-json\/wp\/v2\/pages\/2869\/revisions\/2876"}],"up":[{"embeddable":true,"href":"https:\/\/www.lafarques.be\/de\/wp-json\/wp\/v2\/pages\/2840"}],"wp:attachment":[{"href":"https:\/\/www.lafarques.be\/de\/wp-json\/wp\/v2\/media?parent=2869"}],"curies":[{"name":"wp","href":"https:\/\/api.w.org\/{rel}","templated":true}]}}