{"id":3239,"date":"2024-12-12T16:33:53","date_gmt":"2024-12-12T16:33:53","guid":{"rendered":"https:\/\/www.lafarques.be\/restaurant\/"},"modified":"2026-04-24T10:23:55","modified_gmt":"2026-04-24T10:23:55","slug":"restaurant","status":"publish","type":"page","link":"https:\/\/www.lafarques.be\/de\/restaurant\/","title":{"rendered":"Restaurant"},"content":{"rendered":"\t\t<div data-elementor-type=\"wp-page\" data-elementor-id=\"3239\" class=\"elementor elementor-3239 elementor-290\" data-elementor-post-type=\"page\">\n\t\t\t\t<div class=\"elementor-element elementor-element-675971d e-con-full e-flex e-con e-parent\" data-id=\"675971d\" data-element_type=\"container\" data-e-type=\"container\" data-settings=\"{&quot;jet_parallax_layout_list&quot;:[]}\">\n\t\t<div class=\"elementor-element elementor-element-9ac77dc e-con-full e-flex e-con e-child\" data-id=\"9ac77dc\" data-element_type=\"container\" data-e-type=\"container\" data-settings=\"{&quot;background_background&quot;:&quot;classic&quot;,&quot;jet_parallax_layout_list&quot;:[]}\">\n\t\t\t\t<\/div>\n\t\t<div class=\"elementor-element elementor-element-7234db1 e-con-full e-flex e-con e-child\" data-id=\"7234db1\" data-element_type=\"container\" data-e-type=\"container\" data-settings=\"{&quot;background_background&quot;:&quot;classic&quot;,&quot;jet_parallax_layout_list&quot;:[]}\">\n\t\t<div class=\"elementor-element elementor-element-7968c99 e-con-full e-flex e-con e-child\" data-id=\"7968c99\" data-element_type=\"container\" data-e-type=\"container\" data-settings=\"{&quot;jet_parallax_layout_list&quot;:[]}\">\n\t\t\t\t<div class=\"elementor-element elementor-element-6473751 elementor-widget elementor-widget-heading\" data-id=\"6473751\" data-element_type=\"widget\" data-e-type=\"widget\" data-widget_type=\"heading.default\">\n\t\t\t\t<div class=\"elementor-widget-container\">\n\t\t\t\t\t<h2 class=\"elementor-heading-title elementor-size-default\"><br>Gourmetrestaurant<\/h2>\t\t\t\t<\/div>\n\t\t\t\t<\/div>\n\t\t\t\t<div class=\"elementor-element elementor-element-f0d9c3f elementor-widget elementor-widget-text-editor\" data-id=\"f0d9c3f\" data-element_type=\"widget\" data-e-type=\"widget\" data-widget_type=\"text-editor.default\">\n\t\t\t\t<div class=\"elementor-widget-container\">\n\t\t\t\t\t\t\t\t\t<p>Unser sch\u00f6nes Herrenhaus wurde 1927 von der Familie Zurstrassen, Baronen der Vervierser Wollindustrie, erbaut und wurde 1989 unter der Leitung von Chef Michel Lafarque (\u2020 2003) und seiner Ehefrau Agn\u00e8s zun\u00e4chst zum Restaurant und anschlie\u00dfend zur Hostellerie. Es war die gro\u00dfe Zeit der Michelin-Sterne, und die Mauern erinnern sich an die gro\u00dfen, opulenten Gourmetmen\u00fcs, begleitet von ebenso hervorragenden wie prestigetr\u00e4chtigen Flaschen. Alles wurde auf doppelter Tischw\u00e4sche von sorgf\u00e4ltig ausgew\u00e4hlten, geschniegelt auftretenden Ma\u00eetres d\u2019h\u00f4tel und Sommeliers serviert. Nach dem Tod von Herrn Lafarque nahm die Hostellerie Lafarques unter der Leitung von Chef Samuel Blanc den Betrieb wieder auf und erkochte erfolgreich einen neuen Michelin-Stern.   <\/p>\t\t\t\t\t\t\t\t<\/div>\n\t\t\t\t<\/div>\n\t\t\t\t<div class=\"elementor-element elementor-element-d2eda4b elementor-widget elementor-widget-text-editor\" data-id=\"d2eda4b\" data-element_type=\"widget\" data-e-type=\"widget\" data-widget_type=\"text-editor.default\">\n\t\t\t\t<div class=\"elementor-widget-container\">\n\t\t\t\t\t\t\t\t\t<p>Das Restaurant ist mittags von Mittwoch bis Freitag &amp; am Sonntag sowie abends von Mittwoch bis Samstag ge\u00f6ffnet.<\/p>\t\t\t\t\t\t\t\t<\/div>\n\t\t\t\t<\/div>\n\t\t\t\t<\/div>\n\t\t\t\t<\/div>\n\t\t\t\t<\/div>\n\t\t<div class=\"elementor-element elementor-element-9d926a5 e-con-full e-flex e-con e-parent\" data-id=\"9d926a5\" data-element_type=\"container\" data-e-type=\"container\" data-settings=\"{&quot;jet_parallax_layout_list&quot;:[]}\">\n\t\t<div class=\"elementor-element elementor-element-e7c3566 e-con-full e-flex e-con e-child\" data-id=\"e7c3566\" data-element_type=\"container\" data-e-type=\"container\" data-settings=\"{&quot;background_background&quot;:&quot;classic&quot;,&quot;jet_parallax_layout_list&quot;:[]}\">\n\t\t\t\t<\/div>\n\t\t<div class=\"elementor-element elementor-element-2c1cc2a e-con-full e-flex e-con e-child\" data-id=\"2c1cc2a\" data-element_type=\"container\" data-e-type=\"container\" data-settings=\"{&quot;background_background&quot;:&quot;classic&quot;,&quot;jet_parallax_layout_list&quot;:[]}\">\n\t\t<div class=\"elementor-element elementor-element-3297419 e-con-full e-flex e-con e-child\" data-id=\"3297419\" data-element_type=\"container\" data-e-type=\"container\" data-settings=\"{&quot;jet_parallax_layout_list&quot;:[]}\">\n\t\t\t\t<div class=\"elementor-element elementor-element-49487d0 elementor-widget elementor-widget-heading\" data-id=\"49487d0\" data-element_type=\"widget\" data-e-type=\"widget\" data-widget_type=\"heading.default\">\n\t\t\t\t<div class=\"elementor-widget-container\">\n\t\t\t\t\t<h2 class=\"elementor-heading-title elementor-size-default\">Unsere Geschichte\n<\/h2>\t\t\t\t<\/div>\n\t\t\t\t<\/div>\n\t\t\t\t<div class=\"elementor-element elementor-element-6cdd36e elementor-widget elementor-widget-text-editor\" data-id=\"6cdd36e\" data-element_type=\"widget\" data-e-type=\"widget\" data-widget_type=\"text-editor.default\">\n\t\t\t\t<div class=\"elementor-widget-container\">\n\t\t\t\t\t\t\t\t\t<p>\u201e <em>Die Vesdre ist ein Wildbach, der durch Verviers und Chaudfontaine bis nach L\u00fcttich hinabflie\u00dft \u2013 durch das reizvollste Tal der Welt! In dieser Jahreszeit, an einem sch\u00f6nen Tag, bei blauem Himmel, ist es bisweilen eine Schlucht, oft ein Garten, immer ein Paradies<\/em>. \u201c Mit diesen lobenden Worten beschreibt der Schriftsteller Victor Hugo 1839 das Tal der Vesdre \u2013 \u201eVis Ara\u201c in keltischer Sprache. <\/p><p>Der franz\u00f6sische Dichter ist bei Weitem nicht der Erste, der dem Zauber dieses Ortes erliegt: Die Besiedlung des Vesdre-Tals reicht tats\u00e4chlich mehr als 100.000 Jahre zur\u00fcck! Davon zeugen \u00dcberreste aus der Neandertalerzeit, die in den H\u00f6hlen des Waldes von Goffontaine und der Chantoire gefunden wurden. <\/p><p>Fast zwei Jahrhunderte sp\u00e4ter w\u00e4re Hugo nicht fehl am Platz, w\u00fcrde er in diesen Teil des Tals zur\u00fcckkehren. Die ehemalige Bahnlinie, das neugotische Schloss und sein Torturm, der im 19. Jahrhundert die Sonntagsspazierg\u00e4nger mit viel Glanz empfing, haben sich einen unglaublichen Charme und Romantik bewahrt. Ein wunderbares Ausflugsziel, um Appetit zu bekommen, bevor man den kulinarischen Verf\u00fchrungen von Lafarques erliegt.  <\/p>\t\t\t\t\t\t\t\t<\/div>\n\t\t\t\t<\/div>\n\t\t\t\t<\/div>\n\t\t\t\t<\/div>\n\t\t\t\t<\/div>\n\t\t<div class=\"elementor-element elementor-element-af1f054 e-con-full e-flex e-con e-parent\" data-id=\"af1f054\" data-element_type=\"container\" data-e-type=\"container\" data-settings=\"{&quot;jet_parallax_layout_list&quot;:[]}\">\n\t\t<div class=\"elementor-element elementor-element-14ab590 e-con-full e-flex e-con e-child\" data-id=\"14ab590\" data-element_type=\"container\" data-e-type=\"container\" data-settings=\"{&quot;background_background&quot;:&quot;classic&quot;,&quot;jet_parallax_layout_list&quot;:[]}\">\n\t\t\t\t<\/div>\n\t\t<div class=\"elementor-element elementor-element-d3f4aed e-con-full e-flex e-con e-child\" data-id=\"d3f4aed\" data-element_type=\"container\" data-e-type=\"container\" data-settings=\"{&quot;background_background&quot;:&quot;classic&quot;,&quot;jet_parallax_layout_list&quot;:[]}\">\n\t\t<div class=\"elementor-element elementor-element-9ee2181 e-con-full e-flex e-con e-child\" data-id=\"9ee2181\" data-element_type=\"container\" data-e-type=\"container\" data-settings=\"{&quot;jet_parallax_layout_list&quot;:[]}\">\n\t\t\t\t<div class=\"elementor-element elementor-element-395569f elementor-widget elementor-widget-heading\" data-id=\"395569f\" data-element_type=\"widget\" data-e-type=\"widget\" data-widget_type=\"heading.default\">\n\t\t\t\t<div class=\"elementor-widget-container\">\n\t\t\t\t\t<h2 class=\"elementor-heading-title elementor-size-default\">Das Erbe Lafarque\n<\/h2>\t\t\t\t<\/div>\n\t\t\t\t<\/div>\n\t\t\t\t<div class=\"elementor-element elementor-element-bd7791e elementor-widget elementor-widget-text-editor\" data-id=\"bd7791e\" data-element_type=\"widget\" data-e-type=\"widget\" data-widget_type=\"text-editor.default\">\n\t\t\t\t<div class=\"elementor-widget-container\">\n\t\t\t\t\t\t\t\t\t<p>Doch woher stammt dieser Name, der seit fast 30 Jahren mit dem Ort verbunden ist? 1989 lie\u00dfen sich Michel Lafarque aus Chaineux und seine Ehefrau Agn\u00e8s in dem Geb\u00e4ude nieder, in dem einst das Internat von Goffontaine untergebracht war. Gest\u00fctzt auf den Erfolg des ersten Restaurants, das er zehn Jahre zuvor in Pepinster gegr\u00fcndet hatte und in dem er seinen ersten Michelin-Stern erhielt, bauten die Lafarques mit Geduld und harter Arbeit das auf, was zu einer echten gastronomischen Institution werden sollte \u2013 deren Name bis heute mit vielen Ereignissen und Emotionen verbunden ist. Geburtstage, Hochzeiten, Kommunionen \u2026 Lafarque geh\u00f6rte zum Leben der Familien, die hier ihre sch\u00f6nsten Momente feierten. Mitte der 1990er-Jahre z\u00e4hlte das Paar, das die Kochkunst verk\u00f6rperte, zwei Michelin-Sterne und drei Hauben im Gault &amp; Millau (17\/20). Man kam von weit her, um an diesem Tisch zu speisen und die Gastfreundschaft der Eheleute zu genie\u00dfen \u2013 er am Herd, sie im Service. Und man kam immer wieder.      <\/p><p>Michel Lafarque verstarb 2003, doch seine Philosophie sowie sein Sinn f\u00fcr Geschmack und Gastlichkeit fanden in Olivier Tucki einen w\u00fcrdigen geistigen Sohn, der den \u201eHostellerie\u201c-Geist des Hauses \u2013 \u201eHospitalit\u00e4t\u201c im etymologischen Sinne \u2013 bewahren m\u00f6chte. Mit gro\u00dfer Emotion erinnert der heutige Chef an seinen Vorg\u00e4nger: \u201e <em>Mehr als Rechte sind es Pflichten, die man in einem Haus wie diesem hat<\/em> \u201c. Wir freuen uns darauf, Sie dort (wieder)zusehen.  <\/p>\t\t\t\t\t\t\t\t<\/div>\n\t\t\t\t<\/div>\n\t\t\t\t<\/div>\n\t\t\t\t<\/div>\n\t\t\t\t<\/div>\n\t\t\t\t<\/div>\n\t\t","protected":false},"excerpt":{"rendered":"<p>Gourmetrestaurant Unser sch\u00f6nes Herrenhaus wurde 1927 von der Familie Zurstrassen, Baronen der Vervierser Wollindustrie, erbaut und wurde 1989 unter der Leitung von Chef Michel Lafarque (\u2020 2003) und seiner Ehefrau Agn\u00e8s zun\u00e4chst zum Restaurant und anschlie\u00dfend zur Hostellerie. Es war die gro\u00dfe Zeit der Michelin-Sterne, und die Mauern erinnern sich an die gro\u00dfen, opulenten Gourmetmen\u00fcs, [&hellip;]<\/p>\n","protected":false},"author":1,"featured_media":0,"parent":0,"menu_order":0,"comment_status":"closed","ping_status":"closed","template":"","meta":{"footnotes":""},"class_list":["post-3239","page","type-page","status-publish","hentry"],"_links":{"self":[{"href":"https:\/\/www.lafarques.be\/de\/wp-json\/wp\/v2\/pages\/3239","targetHints":{"allow":["GET"]}}],"collection":[{"href":"https:\/\/www.lafarques.be\/de\/wp-json\/wp\/v2\/pages"}],"about":[{"href":"https:\/\/www.lafarques.be\/de\/wp-json\/wp\/v2\/types\/page"}],"author":[{"embeddable":true,"href":"https:\/\/www.lafarques.be\/de\/wp-json\/wp\/v2\/users\/1"}],"replies":[{"embeddable":true,"href":"https:\/\/www.lafarques.be\/de\/wp-json\/wp\/v2\/comments?post=3239"}],"version-history":[{"count":5,"href":"https:\/\/www.lafarques.be\/de\/wp-json\/wp\/v2\/pages\/3239\/revisions"}],"predecessor-version":[{"id":4733,"href":"https:\/\/www.lafarques.be\/de\/wp-json\/wp\/v2\/pages\/3239\/revisions\/4733"}],"wp:attachment":[{"href":"https:\/\/www.lafarques.be\/de\/wp-json\/wp\/v2\/media?parent=3239"}],"curies":[{"name":"wp","href":"https:\/\/api.w.org\/{rel}","templated":true}]}}