{"id":2804,"date":"2025-11-27T01:10:50","date_gmt":"2025-11-27T01:10:50","guid":{"rendered":"https:\/\/www.lafarques.be\/our-menus\/"},"modified":"2026-04-24T10:25:02","modified_gmt":"2026-04-24T10:25:02","slug":"our-menus","status":"publish","type":"page","link":"https:\/\/www.lafarques.be\/en\/restaurant-2\/our-menus\/","title":{"rendered":"Our menus"},"content":{"rendered":"\t\t<div data-elementor-type=\"wp-page\" data-elementor-id=\"2804\" class=\"elementor elementor-2804 elementor-1369\" data-elementor-post-type=\"page\">\n\t\t\t\t<div class=\"elementor-element elementor-element-675971d e-con-full e-flex e-con e-parent\" data-id=\"675971d\" data-element_type=\"container\" data-e-type=\"container\" data-settings=\"{&quot;jet_parallax_layout_list&quot;:[]}\">\n\t\t<div class=\"elementor-element elementor-element-9ac77dc e-con-full e-flex e-con e-child\" data-id=\"9ac77dc\" data-element_type=\"container\" data-e-type=\"container\" data-settings=\"{&quot;background_background&quot;:&quot;classic&quot;,&quot;jet_parallax_layout_list&quot;:[]}\">\n\t\t\t\t<\/div>\n\t\t<div class=\"elementor-element elementor-element-7234db1 e-con-full e-flex e-con e-child\" data-id=\"7234db1\" data-element_type=\"container\" data-e-type=\"container\" data-settings=\"{&quot;background_background&quot;:&quot;classic&quot;,&quot;jet_parallax_layout_list&quot;:[]}\">\n\t\t<div class=\"elementor-element elementor-element-cd57928 e-con-full e-flex e-con e-child\" data-id=\"cd57928\" data-element_type=\"container\" data-e-type=\"container\" data-settings=\"{&quot;jet_parallax_layout_list&quot;:[]}\">\n\t\t<div class=\"elementor-element elementor-element-826416b e-con-full e-flex e-con e-child\" data-id=\"826416b\" data-element_type=\"container\" data-e-type=\"container\" data-settings=\"{&quot;jet_parallax_layout_list&quot;:[]}\">\n\t\t\t\t<div class=\"elementor-element elementor-element-0eb93c1 elementor-widget elementor-widget-heading\" data-id=\"0eb93c1\" data-element_type=\"widget\" data-e-type=\"widget\" data-widget_type=\"heading.default\">\n\t\t\t\t<div class=\"elementor-widget-container\">\n\t\t\t\t\t<h2 class=\"elementor-heading-title elementor-size-default\">Seasonal suggestions\n<\/h2>\t\t\t\t<\/div>\n\t\t\t\t<\/div>\n\t\t\t\t<div class=\"elementor-element elementor-element-6e045fc elementor-widget elementor-widget-text-editor\" data-id=\"6e045fc\" data-element_type=\"widget\" data-e-type=\"widget\" data-widget_type=\"text-editor.default\">\n\t\t\t\t<div class=\"elementor-widget-container\">\n\t\t\t\t\t\t\t\t\t<p>HU\u00ceTRE CREUSE &#8220;GILLARDEAU&#8221;<br><strong>The Gillardeau family raises its oysters in Bourcefranc, in the Marennes-Ol\u00e9ron basin<br><\/strong>On ice: 3 pieces (\u20ac 13.00) &amp; 6 pieces (\u20ac 25.00)<\/p><p>***<\/p>\t\t\t\t\t\t\t\t<\/div>\n\t\t\t\t<\/div>\n\t\t\t\t<div class=\"elementor-element elementor-element-8360a66 elementor-widget elementor-widget-text-editor\" data-id=\"8360a66\" data-element_type=\"widget\" data-e-type=\"widget\" data-widget_type=\"text-editor.default\">\n\t\t\t\t<div class=\"elementor-widget-container\">\n\t\t\t\t\t\t\t\t\t<p>ROYAL BELGIAN CAVIAR<br><strong>For over 20 years, Turnhout has been producing high-quality, environmentally friendly Belgian caviar<br><\/strong>Potato blinis &amp; sour cream<br>\u2610 30g (\u20ac75.00) \u2610 50g (\u20ac125.00) \u2610 125g (\u20ac265.00)<\/p><p>***<\/p>\t\t\t\t\t\t\t\t<\/div>\n\t\t\t\t<\/div>\n\t\t\t\t<div class=\"elementor-element elementor-element-f0c941e elementor-widget elementor-widget-text-editor\" data-id=\"f0c941e\" data-element_type=\"widget\" data-e-type=\"widget\" data-widget_type=\"text-editor.default\">\n\t\t\t\t<div class=\"elementor-widget-container\">\n\t\t\t\t\t\t\t\t\t<p>PALETA DE COCHON IBERIQUE BELLOTA 100%<br><strong>30 months of slow maturation<br><\/strong>Arturo S\u00e1nchez, in the region of Castilla y Le\u00f3n, in the west of Spain (Salamanca)<br>15g (\u20ac9,00)<br><br><\/p>\t\t\t\t\t\t\t\t<\/div>\n\t\t\t\t<\/div>\n\t\t\t\t<\/div>\n\t\t<div class=\"elementor-element elementor-element-fe87cc7 e-con-full e-flex e-con e-child\" data-id=\"fe87cc7\" data-element_type=\"container\" data-e-type=\"container\" data-settings=\"{&quot;jet_parallax_layout_list&quot;:[]}\">\n\t\t\t\t<div class=\"elementor-element elementor-element-6473751 elementor-widget elementor-widget-heading\" data-id=\"6473751\" data-element_type=\"widget\" data-e-type=\"widget\" data-widget_type=\"heading.default\">\n\t\t\t\t<div class=\"elementor-widget-container\">\n\t\t\t\t\t<h2 class=\"elementor-heading-title elementor-size-default\">Equilibre Menu (Lunch)<\/h2>\t\t\t\t<\/div>\n\t\t\t\t<\/div>\n\t\t\t\t<div class=\"elementor-element elementor-element-f0d9c3f elementor-widget elementor-widget-text-editor\" data-id=\"f0d9c3f\" data-element_type=\"widget\" data-e-type=\"widget\" data-widget_type=\"text-editor.default\">\n\t\t\t\t<div class=\"elementor-widget-container\">\n\t\t\t\t\t\t\t\t\t<div id=\"panel-1073-0-0-0\" class=\"so-panel widget widget_lava-content-block panel-first-child\" data-index=\"0\"><div class=\"so-widget-lava-content-block so-widget-lava-content-block-default-d75171398898-1073\"><div class=\"lava-content-block\"><div class=\"row no-padding\"><div class=\"col x12 m6\"><div class=\"lava-text container-half equal-height\"><div class=\"post-content\"><p>The Equilibre menu consists of 3 courses, according to the Chef\u2019s inspiration.<br>It is available at lunchtime, from Wednesday to Friday, at \u20ac59\/person.<\/p><\/div><\/div><\/div><\/div><\/div><\/div><\/div><div id=\"panel-1073-0-0-1\" class=\"so-panel widget widget_lava-content-block\" data-index=\"1\"><div class=\"so-widget-lava-content-block so-widget-lava-content-block-default-d75171398898-1073\"><div class=\"lava-content-block\"><div class=\"row no-padding\"><div class=\"col x12 m6 pull-right\"><div class=\"lava-image-holder equal-height\"> <\/div><\/div><\/div><\/div><\/div><\/div>\t\t\t\t\t\t\t\t<\/div>\n\t\t\t\t<\/div>\n\t\t\t\t<\/div>\n\t\t\t\t<\/div>\n\t\t\t\t<\/div>\n\t\t\t\t<\/div>\n\t\t<div class=\"elementor-element elementor-element-9d926a5 e-con-full e-flex e-con e-parent\" data-id=\"9d926a5\" data-element_type=\"container\" data-e-type=\"container\" data-settings=\"{&quot;jet_parallax_layout_list&quot;:[]}\">\n\t\t<div class=\"elementor-element elementor-element-e7c3566 e-con-full e-flex e-con e-child\" data-id=\"e7c3566\" data-element_type=\"container\" data-e-type=\"container\" data-settings=\"{&quot;background_background&quot;:&quot;classic&quot;,&quot;jet_parallax_layout_list&quot;:[]}\">\n\t\t\t\t<\/div>\n\t\t<div class=\"elementor-element elementor-element-2c1cc2a e-con-full e-flex e-con e-child\" data-id=\"2c1cc2a\" data-element_type=\"container\" data-e-type=\"container\" data-settings=\"{&quot;background_background&quot;:&quot;classic&quot;,&quot;jet_parallax_layout_list&quot;:[]}\">\n\t\t<div class=\"elementor-element elementor-element-dbec725 e-con-full e-flex e-con e-child\" data-id=\"dbec725\" data-element_type=\"container\" data-e-type=\"container\" data-settings=\"{&quot;jet_parallax_layout_list&quot;:[]}\">\n\t\t<div class=\"elementor-element elementor-element-0094b95 e-con-full e-flex e-con e-child\" data-id=\"0094b95\" data-element_type=\"container\" data-e-type=\"container\" data-settings=\"{&quot;jet_parallax_layout_list&quot;:[]}\">\n\t\t\t\t<div class=\"elementor-element elementor-element-0abebda elementor-widget elementor-widget-heading\" data-id=\"0abebda\" data-element_type=\"widget\" data-e-type=\"widget\" data-widget_type=\"heading.default\">\n\t\t\t\t<div class=\"elementor-widget-container\">\n\t\t\t\t\t<h2 class=\"elementor-heading-title elementor-size-default\">Grand Menu Lafarques<\/h2>\t\t\t\t<\/div>\n\t\t\t\t<\/div>\n\t\t\t\t<div class=\"elementor-element elementor-element-92007f3 elementor-widget elementor-widget-text-editor\" data-id=\"92007f3\" data-element_type=\"widget\" data-e-type=\"widget\" data-widget_type=\"text-editor.default\">\n\t\t\t\t<div class=\"elementor-widget-container\">\n\t\t\t\t\t\t\t\t\t<p>BAR DE L&#8217;\u00ceLE DE NOIRMOUTIER<br><strong><em>From the Vend\u00e9e, Bay of Biscay, fished by the &#8220;ligneurs de l&#8217;\u00cele<\/em><br><\/strong>The fillet is marinated in local fir wood<br>Accompanied by confit leek greens &amp; seaweed<br>Crispy cabbage &amp; wild herbs from Goffontaine<br>&#8220;Saint Vincent&#8221; mousseline sauce<br><em><strong>To accompany<\/strong><strong><strong>Royal Belgian Caviar<\/strong><strong><strong>: <\/strong><strong>\u20ac<\/strong><strong>15.00<\/strong><\/strong><\/strong> <\/em><\/p><p>***<\/p><p><strong><u>New season<br><\/u><\/strong>MORELS AT CH\u00c2TEAU-CHALON<br><strong><em>Vin de voile du Jura, savagnin grape variety, the magic works after 6 years &amp; 3 months<\/em><br><\/strong>Fine Jerusalem artichoke &amp; mushroom tart from Brialmont Abbey<br>Bellota Iberico ham &amp; morels with &#8220;Ch\u00e2teau-Chalon&#8221; cream<\/p><p>***<\/p><p>*<strong><u>Emblematic<br><\/u><\/strong>SPIDER CRAB<br><em><strong>Walter Dubois brings them to us from northern Brittany, from Erquy to here<br><\/strong><\/em>Delicately shelled flesh<br>Green asparagus from the Loire Valley &amp; sherry vinegar sabayon<br>Cabbage fricassee &amp; sauce vierge<br>Juice from the heads as a light bisque<\/p><p>***<\/p><p>*SWEETBREADS<br><strong><em>Sweetbread heart, pan-fried golden, crispy&#8230;<\/em><br><\/strong>French peas &amp; wild lamb&#8217;s lettuce from C\u00f4te de Drolenval<br>Veal juice &amp; hazelnut butter<\/p><p>***<\/p><p>SAINT-PIERRE &#8220;BRETON&#8221;<br><strong>Filet en aiguillette, <\/strong><strong>cooked in a brioche &amp; Vieux Comt\u00e9 crust<\/strong><br>Asparagus from Stephane Longlune<br>Sauce vierge with razor clams &amp; salicorne<\/p><p>Or<\/p><p>AGNEAU DE SISTERON<br><strong>From a hardy breed, the Dr\u00f4me &amp; Provence are its origins <br><\/strong>The saddle is cooked gently then roasted over an open fire<br>Purple artichoke &amp; crispy &#8220;panoufles&#8221; braised for a long time<br>Tannic juice &amp; the first savory marsh beans<\/p><p>***<\/p><p>TASTING OF RAW-MILK AGED CHEESES<br>Supplement \u20ac17 or \u20ac9 instead of dessert<\/p><p>***<\/p><p>SPRING 2026 COLLECTION<br><strong>Les Gourmandises de Louca<\/strong><\/p><p><i>Chef Tucki and his team can adapt the menu to suit your allergies &amp; specific dietary requirements<\/i><\/p>\t\t\t\t\t\t\t\t<\/div>\n\t\t\t\t<\/div>\n\t\t\t\t<\/div>\n\t\t<div class=\"elementor-element elementor-element-8692f7f e-con-full e-flex e-con e-child\" data-id=\"8692f7f\" data-element_type=\"container\" data-e-type=\"container\" data-settings=\"{&quot;jet_parallax_layout_list&quot;:[]}\">\n\t\t\t\t<div class=\"elementor-element elementor-element-9bb71b2 elementor-widget elementor-widget-text-editor\" data-id=\"9bb71b2\" data-element_type=\"widget\" data-e-type=\"widget\" data-widget_type=\"text-editor.default\">\n\t\t\t\t<div class=\"elementor-widget-container\">\n\t\t\t\t\t\t\t\t\t<div id=\"panel-1073-0-0-0\" class=\"so-panel widget widget_lava-content-block panel-first-child\" data-index=\"0\"><div class=\"so-widget-lava-content-block so-widget-lava-content-block-default-d75171398898-1073\"><div class=\"lava-content-block\"><div class=\"row no-padding\"><div class=\"col x12 m6\"><div class=\"lava-text container-half equal-height\"><div class=\"post-content\"><p><strong>*Grand Lafarques Menu, 5 courses: \u20ac118.00\/person<br>Wine pairing: \u20ac58.00\/person<\/strong><\/p><p><strong>*Grand Lafarques Menu, 6 courses: \u20ac130.00\/person<br>Wine pairing: \u20ac68.00\/person<\/strong><\/p><\/div><\/div><\/div><\/div><\/div><\/div><\/div>\t\t\t\t\t\t\t\t<\/div>\n\t\t\t\t<\/div>\n\t\t\t\t<\/div>\n\t\t\t\t<\/div>\n\t\t\t\t<\/div>\n\t\t\t\t<\/div>\n\t\t<div class=\"elementor-element elementor-element-af1f054 e-con-full e-flex e-con e-parent\" data-id=\"af1f054\" data-element_type=\"container\" data-e-type=\"container\" data-settings=\"{&quot;jet_parallax_layout_list&quot;:[]}\">\n\t\t<div class=\"elementor-element elementor-element-14ab590 e-con-full e-flex e-con e-child\" data-id=\"14ab590\" data-element_type=\"container\" data-e-type=\"container\" data-settings=\"{&quot;background_background&quot;:&quot;classic&quot;,&quot;jet_parallax_layout_list&quot;:[]}\">\n\t\t\t\t<\/div>\n\t\t<div class=\"elementor-element elementor-element-d3f4aed e-con-full e-flex e-con e-child\" data-id=\"d3f4aed\" data-element_type=\"container\" data-e-type=\"container\" data-settings=\"{&quot;background_background&quot;:&quot;classic&quot;,&quot;jet_parallax_layout_list&quot;:[]}\">\n\t\t<div class=\"elementor-element elementor-element-39ff5e5 e-con-full e-flex e-con e-child\" data-id=\"39ff5e5\" data-element_type=\"container\" data-e-type=\"container\" data-settings=\"{&quot;jet_parallax_layout_list&quot;:[]}\">\n\t\t\t\t<div class=\"elementor-element elementor-element-ea20dae elementor-widget elementor-widget-heading\" data-id=\"ea20dae\" data-element_type=\"widget\" data-e-type=\"widget\" data-widget_type=\"heading.default\">\n\t\t\t\t<div class=\"elementor-widget-container\">\n\t\t\t\t\t<h2 class=\"elementor-heading-title elementor-size-default\">Renaissance Menu<\/h2>\t\t\t\t<\/div>\n\t\t\t\t<\/div>\n\t\t\t\t<div class=\"elementor-element elementor-element-01cc3fa elementor-widget elementor-widget-text-editor\" data-id=\"01cc3fa\" data-element_type=\"widget\" data-e-type=\"widget\" data-widget_type=\"text-editor.default\">\n\t\t\t\t<div class=\"elementor-widget-container\">\n\t\t\t\t\t\t\t\t\t<p><em>This menu is available on Wednesday, Thursday, Friday lunchtime and Sunday lunchtime<\/em><\/p>\n<p>BAR DE L&#8217;\u00ceLE DE NOIRMOUTIER<br><strong><em>From the Vend\u00e9e, Bay of Biscay, fished by the &#8220;ligneurs de l&#8217;\u00cele<\/em><br><\/strong>The fillet is marinated in local fir wood<br>Accompanied by confit leek greens &amp; seaweed<br>Crispy cabbage &amp; wild herbs from Goffontaine<br>&#8220;Saint Vincent&#8221; mousseline sauce<br><em><strong>To accompany<\/strong><strong><strong>Royal Belgian Caviar<\/strong><strong><strong>: <\/strong><strong>\u20ac<\/strong><strong>15.00<\/strong><\/strong><\/strong> <\/em><\/p>\n<p>***<\/p>\n<p><strong><u>New season<br><\/u><\/strong>MORELS AT CH\u00c2TEAU-CHALON<br><strong><em>Vin de voile du Jura, savagnin grape variety, the magic works after 6 years &amp; 3 months<\/em><br><\/strong>Fine Jerusalem artichoke &amp; mushroom tart from Brialmont Abbey<br>Bellota Iberico ham &amp; morels with &#8220;Ch\u00e2teau-Chalon&#8221; cream<\/p>\n<p>***<\/p>\n<p>SAINT-PIERRE &#8220;BRETON&#8221;<br><strong>Filet en aiguillette, <\/strong><strong>cooked in a brioche &amp; Vieux Comt\u00e9 crust<\/strong><br>Asparagus from Stephane Longlune<br>Sauce vierge with razor clams &amp; salicorne<\/p>\n<p>Or<\/p>\n<p>AGNEAU DE SISTERON<br><strong>From a hardy breed, the Dr\u00f4me &amp; Provence are its origins <br><\/strong>The saddle is cooked gently then roasted over an open fire<br>Purple artichoke &amp; crispy &#8220;panoufles&#8221; braised for a long time<br>Tannic juice &amp; the first savory marsh beans<\/p>\n<p>***<\/p>\n<p>TASTING OF RAW-MILK AGED CHEESES<br>Supplement \u20ac17 or \u20ac9 instead of dessert<\/p>\n<p>***<\/p>\n<p>SPRING 2026 COLLECTION<br><strong>Les Gourmandises de Louca<\/strong><\/p>\n<p><em>Chef Tucki and his team can adapt the menu to suit your allergies &amp; specific dietary requirements<\/em><\/p>\t\t\t\t\t\t\t\t<\/div>\n\t\t\t\t<\/div>\n\t\t\t\t<div class=\"elementor-element elementor-element-94f361d elementor-widget elementor-widget-text-editor\" data-id=\"94f361d\" data-element_type=\"widget\" data-e-type=\"widget\" data-widget_type=\"text-editor.default\">\n\t\t\t\t<div class=\"elementor-widget-container\">\n\t\t\t\t\t\t\t\t\t<p><strong>Renaissance Menu, 4 courses: \u20ac104.00\/person<br>Wine pairing: \u20ac48.00\/person<\/strong><\/p>\t\t\t\t\t\t\t\t<\/div>\n\t\t\t\t<\/div>\n\t\t\t\t<\/div>\n\t\t\t\t<\/div>\n\t\t\t\t<\/div>\n\t\t\t\t<\/div>\n\t\t","protected":false},"excerpt":{"rendered":"<p>Seasonal suggestions HU\u00ceTRE CREUSE &#8220;GILLARDEAU&#8221;The Gillardeau family raises its oysters in Bourcefranc, in the Marennes-Ol\u00e9ron basinOn ice: 3 pieces (\u20ac 13.00) &amp; 6 pieces (\u20ac 25.00) *** ROYAL BELGIAN CAVIARFor over 20 years, Turnhout has been producing high-quality, environmentally friendly Belgian caviarPotato blinis &amp; sour cream\u2610 30g (\u20ac75.00) \u2610 50g (\u20ac125.00) \u2610 125g (\u20ac265.00) *** [&hellip;]<\/p>\n","protected":false},"author":1,"featured_media":0,"parent":3221,"menu_order":0,"comment_status":"closed","ping_status":"closed","template":"","meta":{"footnotes":""},"class_list":["post-2804","page","type-page","status-publish","hentry"],"_links":{"self":[{"href":"https:\/\/www.lafarques.be\/en\/wp-json\/wp\/v2\/pages\/2804","targetHints":{"allow":["GET"]}}],"collection":[{"href":"https:\/\/www.lafarques.be\/en\/wp-json\/wp\/v2\/pages"}],"about":[{"href":"https:\/\/www.lafarques.be\/en\/wp-json\/wp\/v2\/types\/page"}],"author":[{"embeddable":true,"href":"https:\/\/www.lafarques.be\/en\/wp-json\/wp\/v2\/users\/1"}],"replies":[{"embeddable":true,"href":"https:\/\/www.lafarques.be\/en\/wp-json\/wp\/v2\/comments?post=2804"}],"version-history":[{"count":29,"href":"https:\/\/www.lafarques.be\/en\/wp-json\/wp\/v2\/pages\/2804\/revisions"}],"predecessor-version":[{"id":4735,"href":"https:\/\/www.lafarques.be\/en\/wp-json\/wp\/v2\/pages\/2804\/revisions\/4735"}],"up":[{"embeddable":true,"href":"https:\/\/www.lafarques.be\/en\/wp-json\/wp\/v2\/pages\/3221"}],"wp:attachment":[{"href":"https:\/\/www.lafarques.be\/en\/wp-json\/wp\/v2\/media?parent=2804"}],"curies":[{"name":"wp","href":"https:\/\/api.w.org\/{rel}","templated":true}]}}