{"id":2814,"date":"2025-11-27T01:10:50","date_gmt":"2025-11-27T01:10:50","guid":{"rendered":"https:\/\/www.lafarques.be\/onze-menus\/"},"modified":"2026-04-24T10:30:51","modified_gmt":"2026-04-24T10:30:51","slug":"onze-menus","status":"publish","type":"page","link":"https:\/\/www.lafarques.be\/nl\/restaurant-2\/onze-menus\/","title":{"rendered":"Onze menu&#8217;s"},"content":{"rendered":"\t\t<div data-elementor-type=\"wp-page\" data-elementor-id=\"2814\" class=\"elementor elementor-2814 elementor-1369\" data-elementor-post-type=\"page\">\n\t\t\t\t<div class=\"elementor-element elementor-element-675971d e-con-full e-flex e-con e-parent\" data-id=\"675971d\" data-element_type=\"container\" data-e-type=\"container\" data-settings=\"{&quot;jet_parallax_layout_list&quot;:[]}\">\n\t\t<div class=\"elementor-element elementor-element-9ac77dc e-con-full e-flex e-con e-child\" data-id=\"9ac77dc\" data-element_type=\"container\" data-e-type=\"container\" data-settings=\"{&quot;background_background&quot;:&quot;classic&quot;,&quot;jet_parallax_layout_list&quot;:[]}\">\n\t\t\t\t<\/div>\n\t\t<div class=\"elementor-element elementor-element-7234db1 e-con-full e-flex e-con e-child\" data-id=\"7234db1\" data-element_type=\"container\" data-e-type=\"container\" data-settings=\"{&quot;background_background&quot;:&quot;classic&quot;,&quot;jet_parallax_layout_list&quot;:[]}\">\n\t\t<div class=\"elementor-element elementor-element-cd57928 e-con-full e-flex e-con e-child\" data-id=\"cd57928\" data-element_type=\"container\" data-e-type=\"container\" data-settings=\"{&quot;jet_parallax_layout_list&quot;:[]}\">\n\t\t<div class=\"elementor-element elementor-element-826416b e-con-full e-flex e-con e-child\" data-id=\"826416b\" data-element_type=\"container\" data-e-type=\"container\" data-settings=\"{&quot;jet_parallax_layout_list&quot;:[]}\">\n\t\t\t\t<div class=\"elementor-element elementor-element-0eb93c1 elementor-widget elementor-widget-heading\" data-id=\"0eb93c1\" data-element_type=\"widget\" data-e-type=\"widget\" data-widget_type=\"heading.default\">\n\t\t\t\t<div class=\"elementor-widget-container\">\n\t\t\t\t\t<h2 class=\"elementor-heading-title elementor-size-default\">Seizoensgebonden suggesties\n<\/h2>\t\t\t\t<\/div>\n\t\t\t\t<\/div>\n\t\t\t\t<div class=\"elementor-element elementor-element-6e045fc elementor-widget elementor-widget-text-editor\" data-id=\"6e045fc\" data-element_type=\"widget\" data-e-type=\"widget\" data-widget_type=\"text-editor.default\">\n\t\t\t\t<div class=\"elementor-widget-container\">\n\t\t\t\t\t\t\t\t\t<p>HU\u00ceTRE CREUSE &#8220;GILLARDEAU&#8221;<br><strong>De familie Gillardeau kweekt haar oesters in Bourcefranc, in het stroomgebied van Marennes-Ol\u00e9ron<br><\/strong>Op ijs: 3 stuks (\u20ac 13,00) &amp; 6 stuks (\u20ac 25,00)<\/p><p>***<\/p>\t\t\t\t\t\t\t\t<\/div>\n\t\t\t\t<\/div>\n\t\t\t\t<div class=\"elementor-element elementor-element-8360a66 elementor-widget elementor-widget-text-editor\" data-id=\"8360a66\" data-element_type=\"widget\" data-e-type=\"widget\" data-widget_type=\"text-editor.default\">\n\t\t\t\t<div class=\"elementor-widget-container\">\n\t\t\t\t\t\t\t\t\t<p>ROYAL BELGIAN CAVIAR<br><strong>Al meer dan 20 jaar produceert de regio Turnhout milieuvriendelijke Belgische kaviaar van hoge kwaliteit<br><\/strong>Aardappelblini&#8217;s &amp; zure room<br>\u2610 30g (\u20ac75,00) \u2610 50g (\u20ac125,00) \u2610 125g (\u20ac265,00)<\/p><p>***<\/p>\t\t\t\t\t\t\t\t<\/div>\n\t\t\t\t<\/div>\n\t\t\t\t<div class=\"elementor-element elementor-element-f0c941e elementor-widget elementor-widget-text-editor\" data-id=\"f0c941e\" data-element_type=\"widget\" data-e-type=\"widget\" data-widget_type=\"text-editor.default\">\n\t\t\t\t<div class=\"elementor-widget-container\">\n\t\t\t\t\t\t\t\t\t<p>PALETA DE COCHON IBERIQUE BELLOTA 100%<br><strong>30 maanden langzame rijping<br><\/strong>Arturo S\u00e1nchez, in de regio Castilla y Le\u00f3n, in het westen van Spanje (Salamanca)<br>15g (\u20ac9,00)<br><br><\/p>\t\t\t\t\t\t\t\t<\/div>\n\t\t\t\t<\/div>\n\t\t\t\t<\/div>\n\t\t<div class=\"elementor-element elementor-element-fe87cc7 e-con-full e-flex e-con e-child\" data-id=\"fe87cc7\" data-element_type=\"container\" data-e-type=\"container\" data-settings=\"{&quot;jet_parallax_layout_list&quot;:[]}\">\n\t\t\t\t<div class=\"elementor-element elementor-element-6473751 elementor-widget elementor-widget-heading\" data-id=\"6473751\" data-element_type=\"widget\" data-e-type=\"widget\" data-widget_type=\"heading.default\">\n\t\t\t\t<div class=\"elementor-widget-container\">\n\t\t\t\t\t<h2 class=\"elementor-heading-title elementor-size-default\">Menu Evenwicht (Lunch)<\/h2>\t\t\t\t<\/div>\n\t\t\t\t<\/div>\n\t\t\t\t<div class=\"elementor-element elementor-element-f0d9c3f elementor-widget elementor-widget-text-editor\" data-id=\"f0d9c3f\" data-element_type=\"widget\" data-e-type=\"widget\" data-widget_type=\"text-editor.default\">\n\t\t\t\t<div class=\"elementor-widget-container\">\n\t\t\t\t\t\t\t\t\t<div id=\"panel-1073-0-0-0\" class=\"so-panel widget widget_lava-content-block panel-first-child\" data-index=\"0\"><div class=\"so-widget-lava-content-block so-widget-lava-content-block-default-d75171398898-1073\"><div class=\"lava-content-block\"><div class=\"row no-padding\"><div class=\"col x12 m6\"><div class=\"lava-text container-half equal-height\"><div class=\"post-content\"><p>Het menu Evenwicht bestaat uit 3 gangen, volgens de stemming van de Chef.<br>Dit menu is beschikbaar tijdens de lunch, van woensdag tot vrijdag, aan \u20ac59\/persoon.<\/p><\/div><\/div><\/div><\/div><\/div><\/div><\/div><div id=\"panel-1073-0-0-1\" class=\"so-panel widget widget_lava-content-block\" data-index=\"1\"><div class=\"so-widget-lava-content-block so-widget-lava-content-block-default-d75171398898-1073\"><div class=\"lava-content-block\"><div class=\"row no-padding\"><div class=\"col x12 m6 pull-right\"><div class=\"lava-image-holder equal-height\"> <\/div><\/div><\/div><\/div><\/div><\/div>\t\t\t\t\t\t\t\t<\/div>\n\t\t\t\t<\/div>\n\t\t\t\t<\/div>\n\t\t\t\t<\/div>\n\t\t\t\t<\/div>\n\t\t\t\t<\/div>\n\t\t<div class=\"elementor-element elementor-element-9d926a5 e-con-full e-flex e-con e-parent\" data-id=\"9d926a5\" data-element_type=\"container\" data-e-type=\"container\" data-settings=\"{&quot;jet_parallax_layout_list&quot;:[]}\">\n\t\t<div class=\"elementor-element elementor-element-e7c3566 e-con-full e-flex e-con e-child\" data-id=\"e7c3566\" data-element_type=\"container\" data-e-type=\"container\" data-settings=\"{&quot;background_background&quot;:&quot;classic&quot;,&quot;jet_parallax_layout_list&quot;:[]}\">\n\t\t\t\t<\/div>\n\t\t<div class=\"elementor-element elementor-element-2c1cc2a e-con-full e-flex e-con e-child\" data-id=\"2c1cc2a\" data-element_type=\"container\" data-e-type=\"container\" data-settings=\"{&quot;background_background&quot;:&quot;classic&quot;,&quot;jet_parallax_layout_list&quot;:[]}\">\n\t\t<div class=\"elementor-element elementor-element-dbec725 e-con-full e-flex e-con e-child\" data-id=\"dbec725\" data-element_type=\"container\" data-e-type=\"container\" data-settings=\"{&quot;jet_parallax_layout_list&quot;:[]}\">\n\t\t<div class=\"elementor-element elementor-element-0094b95 e-con-full e-flex e-con e-child\" data-id=\"0094b95\" data-element_type=\"container\" data-e-type=\"container\" data-settings=\"{&quot;jet_parallax_layout_list&quot;:[]}\">\n\t\t\t\t<div class=\"elementor-element elementor-element-0abebda elementor-widget elementor-widget-heading\" data-id=\"0abebda\" data-element_type=\"widget\" data-e-type=\"widget\" data-widget_type=\"heading.default\">\n\t\t\t\t<div class=\"elementor-widget-container\">\n\t\t\t\t\t<h2 class=\"elementor-heading-title elementor-size-default\">Lafarques Grand Menu<\/h2>\t\t\t\t<\/div>\n\t\t\t\t<\/div>\n\t\t\t\t<div class=\"elementor-element elementor-element-92007f3 elementor-widget elementor-widget-text-editor\" data-id=\"92007f3\" data-element_type=\"widget\" data-e-type=\"widget\" data-widget_type=\"text-editor.default\">\n\t\t\t\t<div class=\"elementor-widget-container\">\n\t\t\t\t\t\t\t\t\t<p>BAR \u00ceLE DE NOIRMOUTIER<br><strong><em>In de Vend\u00e9e, Golf van Biskaje, gevist door de ligneurs de l&#8217;\u00cele (eilandvissers)<\/em><br><\/strong>De filet is gemarineerd in lokaal sparrenhout<br>Begeleid door gekonfijte preigroenten &amp; zeewier<br>Knapperige kool &amp; wilde kruiden uit Goffontaine<br>&#8220;Saint Vincent&#8221; mousselinesaus<br><em><strong>Begeleiden<\/strong><strong><strong>Belgische kaviaar<\/strong><strong><strong>: <\/strong><strong>\u20ac<\/strong><strong>15.00<\/strong><\/strong><\/strong> <\/em><\/p><p>***<\/p><p><strong><u>Nieuw seizoen<br><\/u><\/strong>MORILLES BIJ CH\u00c2TEAU-CHALON<br><strong><em>Vin de voile du Jura, druivensoort Savagnin, de magie werkt na 6 jaar &amp; 3 maanden<\/em><br><\/strong>Fijne taart van aardperen &amp; paddenstoelen van de abdij van Brialmont<br>Bellota Iberico ham &amp; morilles met &#8220;Ch\u00e2teau-Chalon&#8221; room<\/p><p>***<\/p><p>*<strong><u>Emblematisch<br><\/u><\/strong>SPINNENKRAB<br><em><strong>Walter Dubois brengt ze ons uit het noorden van Bretagne, van Erquy tot hier<br><\/strong><\/em>Fijn gedopt vruchtvlees<br>Groene asperges uit de Loirevallei &amp; sabayon met sherryazijn<br>Koolfricassee &amp; sauce vierge<br>Sap van de koppen als lichte bisque<\/p><p>***<\/p><p>*ZWEETBROODJES<br><strong><em>Zwezerikhart, gebruind in een sauteerpan, knapperig&#8230;<\/em><br><\/strong>Doperwten &amp; wilde veldsla van de C\u00f4te de Drolenval<br>Kalfssap &amp; hazelnootboter<\/p><p>***<\/p><p>SAINT-PIERRE &#8220;BRETON&#8221;<br><strong>Filet en aiguillette, <\/strong><strong>gegaard in een brioche &amp; Vieux Comt\u00e9 korst<\/strong><br>Asperges van Stephane Longlune<br>Saus vierge met scheermessen &amp; zeekraal<\/p><p>Of<\/p><p>AGNEAU DE SISTERON<br><strong>Van een winterhard ras, de Dr\u00f4me en de Provence zijn de oorsprong <br><\/strong>Het zadel wordt zachtjes gekookt en vervolgens boven een open vuur geroosterd<br>Paarse artisjok &amp; knapperige &#8220;panoufles&#8221; lang gestoofd<br>Tannine sap &amp; de eerste moerasbonen met bonenkruid<\/p><p>***<\/p><p>PROEVERIJ VAN GERIJPTE KAZEN VAN RAUWE MELK<br>Supplement \u20ac17 of \u20ac9 in plaats van het dessert<\/p><p>***<\/p><p>SPRING 2026 COLLECTIE<br><strong>Les Gourmandises de Louca<\/strong><\/p><p><i>Chef Tucki en zijn team kunnen het menu aanpassen aan uw allergie\u00ebn &amp; bijzondere di\u00ebten<\/i><\/p>\t\t\t\t\t\t\t\t<\/div>\n\t\t\t\t<\/div>\n\t\t\t\t<\/div>\n\t\t<div class=\"elementor-element elementor-element-8692f7f e-con-full e-flex e-con e-child\" data-id=\"8692f7f\" data-element_type=\"container\" data-e-type=\"container\" data-settings=\"{&quot;jet_parallax_layout_list&quot;:[]}\">\n\t\t\t\t<div class=\"elementor-element elementor-element-9bb71b2 elementor-widget elementor-widget-text-editor\" data-id=\"9bb71b2\" data-element_type=\"widget\" data-e-type=\"widget\" data-widget_type=\"text-editor.default\">\n\t\t\t\t<div class=\"elementor-widget-container\">\n\t\t\t\t\t\t\t\t\t<div id=\"panel-1073-0-0-0\" class=\"so-panel widget widget_lava-content-block panel-first-child\" data-index=\"0\"><div class=\"so-widget-lava-content-block so-widget-lava-content-block-default-d75171398898-1073\"><div class=\"lava-content-block\"><div class=\"row no-padding\"><div class=\"col x12 m6\"><div class=\"lava-text container-half equal-height\"><div class=\"post-content\"><p><strong>*Groot Menu Lafarques 5 gangen: \u20ac 118,00\/persoon<br>Wijnselectie: \u20ac 58,00\/persoon<\/strong><\/p><p><strong>*Groot Menu Lafarques 6 gangen: \u20ac 130,00\/persoon<br>Wijnselectie: \u20ac 68,00\/persoon<\/strong><\/p><\/div><\/div><\/div><\/div><\/div><\/div><\/div>\t\t\t\t\t\t\t\t<\/div>\n\t\t\t\t<\/div>\n\t\t\t\t<\/div>\n\t\t\t\t<\/div>\n\t\t\t\t<\/div>\n\t\t\t\t<\/div>\n\t\t<div class=\"elementor-element elementor-element-af1f054 e-con-full e-flex e-con e-parent\" data-id=\"af1f054\" data-element_type=\"container\" data-e-type=\"container\" data-settings=\"{&quot;jet_parallax_layout_list&quot;:[]}\">\n\t\t<div class=\"elementor-element elementor-element-14ab590 e-con-full e-flex e-con e-child\" data-id=\"14ab590\" data-element_type=\"container\" data-e-type=\"container\" data-settings=\"{&quot;background_background&quot;:&quot;classic&quot;,&quot;jet_parallax_layout_list&quot;:[]}\">\n\t\t\t\t<\/div>\n\t\t<div class=\"elementor-element elementor-element-d3f4aed e-con-full e-flex e-con e-child\" data-id=\"d3f4aed\" data-element_type=\"container\" data-e-type=\"container\" data-settings=\"{&quot;background_background&quot;:&quot;classic&quot;,&quot;jet_parallax_layout_list&quot;:[]}\">\n\t\t<div class=\"elementor-element elementor-element-39ff5e5 e-con-full e-flex e-con e-child\" data-id=\"39ff5e5\" data-element_type=\"container\" data-e-type=\"container\" data-settings=\"{&quot;jet_parallax_layout_list&quot;:[]}\">\n\t\t\t\t<div class=\"elementor-element elementor-element-ea20dae elementor-widget elementor-widget-heading\" data-id=\"ea20dae\" data-element_type=\"widget\" data-e-type=\"widget\" data-widget_type=\"heading.default\">\n\t\t\t\t<div class=\"elementor-widget-container\">\n\t\t\t\t\t<h2 class=\"elementor-heading-title elementor-size-default\">Menu Renaissance<\/h2>\t\t\t\t<\/div>\n\t\t\t\t<\/div>\n\t\t\t\t<div class=\"elementor-element elementor-element-01cc3fa elementor-widget elementor-widget-text-editor\" data-id=\"01cc3fa\" data-element_type=\"widget\" data-e-type=\"widget\" data-widget_type=\"text-editor.default\">\n\t\t\t\t<div class=\"elementor-widget-container\">\n\t\t\t\t\t\t\t\t\t<p><em>Dit menu wordt aangeboden op woensdag, donderdag, vrijdag middag en zondag middag<\/em><\/p>\n<p>BAR \u00ceLE DE NOIRMOUTIER<br><strong><em>Uit de Vend\u00e9e, Golf van Biskaje, gevist door de ligneurs de l&#8217;\u00cele<\/em><br><\/strong>De filet is gemarineerd in lokaal sparrenhout<br>Begeleid door gekonfijte preigroenten &amp; zeewier<br>Knapperige kool &amp; wilde kruiden uit Goffontaine<br>&#8220;Saint Vincent&#8221; mousselinesaus<br><em><strong>Begeleiden<\/strong><strong><strong>Belgische kaviaar<\/strong><strong><strong>: <\/strong><strong>\u20ac<\/strong><strong>15.00<\/strong><\/strong><\/strong> <\/em><\/p>\n<p>***<\/p>\n<p><strong><u>Nieuw seizoen<br><\/u><\/strong>MORILLES BIJ CH\u00c2TEAU-CHALON<br><strong><em>Vin de voile du Jura, druivensoort Savagnin, de magie werkt na 6 jaar &amp; 3 maanden<\/em><br><\/strong>Fijne taart van aardperen &amp; paddenstoelen van de abdij van Brialmont<br>Bellota Iberico ham &amp; morilles met &#8220;Ch\u00e2teau-Chalon&#8221; room<\/p>\n<p>***<\/p>\n<p>SAINT-PIERRE &#8220;BRETON&#8221;<br><strong>Filet en aiguillette, <\/strong><strong>gegaard in een brioche &amp; Vieux Comt\u00e9 korst<\/strong><br>Asperges van Stephane Longlune<br>Saus vierge met scheermessen &amp; zeekraal<\/p>\n<p>Of<\/p>\n<p>AGNEAU DE SISTERON<br><strong>Van een winterhard ras, de Dr\u00f4me en de Provence zijn de oorsprong <br><\/strong>Het zadel wordt zachtjes gekookt en vervolgens boven een open vuur geroosterd<br>Paarse artisjok &amp; knapperige &#8220;panoufles&#8221; lang gestoofd<br>Tannine sap &amp; de eerste moerasbonen met bonenkruid<\/p>\n<p>***<\/p>\n<p>PROEVERIJ VAN GERIJPTE KAZEN VAN RAUWE MELK<br>Supplement \u20ac17 of \u20ac9 in plaats van het dessert<\/p>\n<p>***<\/p>\n<p>SPRING 2026 COLLECTIE<br><strong>Les Gourmandises de Louca<\/strong><\/p>\n<p><em>Chef Tucki en zijn team kunnen het menu aanpassen aan uw allergie\u00ebn &amp; bijzondere di\u00ebten<\/em><\/p>\t\t\t\t\t\t\t\t<\/div>\n\t\t\t\t<\/div>\n\t\t\t\t<div class=\"elementor-element elementor-element-94f361d elementor-widget elementor-widget-text-editor\" data-id=\"94f361d\" data-element_type=\"widget\" data-e-type=\"widget\" data-widget_type=\"text-editor.default\">\n\t\t\t\t<div class=\"elementor-widget-container\">\n\t\t\t\t\t\t\t\t\t<p><strong>Menu Renaissance 4 gangen: \u20ac 104,00\/persoon<br>Wijnselectie: \u20ac48,00\/persoon<\/strong><\/p>\t\t\t\t\t\t\t\t<\/div>\n\t\t\t\t<\/div>\n\t\t\t\t<\/div>\n\t\t\t\t<\/div>\n\t\t\t\t<\/div>\n\t\t\t\t<\/div>\n\t\t","protected":false},"excerpt":{"rendered":"<p>Seizoensgebonden suggesties HU\u00ceTRE CREUSE &#8220;GILLARDEAU&#8221;De familie Gillardeau kweekt haar oesters in Bourcefranc, in het stroomgebied van Marennes-Ol\u00e9ronOp ijs: 3 stuks (\u20ac 13,00) &amp; 6 stuks (\u20ac 25,00) *** ROYAL BELGIAN CAVIARAl meer dan 20 jaar produceert de regio Turnhout milieuvriendelijke Belgische kaviaar van hoge kwaliteitAardappelblini&#8217;s &amp; zure room\u2610 30g (\u20ac75,00) \u2610 50g (\u20ac125,00) \u2610 125g [&hellip;]<\/p>\n","protected":false},"author":1,"featured_media":0,"parent":3214,"menu_order":0,"comment_status":"closed","ping_status":"closed","template":"","meta":{"footnotes":""},"class_list":["post-2814","page","type-page","status-publish","hentry"],"_links":{"self":[{"href":"https:\/\/www.lafarques.be\/nl\/wp-json\/wp\/v2\/pages\/2814","targetHints":{"allow":["GET"]}}],"collection":[{"href":"https:\/\/www.lafarques.be\/nl\/wp-json\/wp\/v2\/pages"}],"about":[{"href":"https:\/\/www.lafarques.be\/nl\/wp-json\/wp\/v2\/types\/page"}],"author":[{"embeddable":true,"href":"https:\/\/www.lafarques.be\/nl\/wp-json\/wp\/v2\/users\/1"}],"replies":[{"embeddable":true,"href":"https:\/\/www.lafarques.be\/nl\/wp-json\/wp\/v2\/comments?post=2814"}],"version-history":[{"count":20,"href":"https:\/\/www.lafarques.be\/nl\/wp-json\/wp\/v2\/pages\/2814\/revisions"}],"predecessor-version":[{"id":4737,"href":"https:\/\/www.lafarques.be\/nl\/wp-json\/wp\/v2\/pages\/2814\/revisions\/4737"}],"up":[{"embeddable":true,"href":"https:\/\/www.lafarques.be\/nl\/wp-json\/wp\/v2\/pages\/3214"}],"wp:attachment":[{"href":"https:\/\/www.lafarques.be\/nl\/wp-json\/wp\/v2\/media?parent=2814"}],"curies":[{"name":"wp","href":"https:\/\/api.w.org\/{rel}","templated":true}]}}